{"id":3172,"date":"2023-02-02T15:35:53","date_gmt":"2023-02-02T14:35:53","guid":{"rendered":"https:\/\/pi99hcbstus.preview.infomaniak.website\/?page_id=3172"},"modified":"2025-03-14T10:35:17","modified_gmt":"2025-03-14T09:35:17","slug":"art","status":"publish","type":"page","link":"https:\/\/chambleau.ch\/de\/art\/","title":{"rendered":"Art"},"content":{"rendered":"","protected":false},"excerpt":{"rendered":"","protected":false},"author":2,"featured_media":0,"parent":0,"menu_order":0,"comment_status":"closed","ping_status":"closed","template":"page-custom.php","meta":{"_acf_changed":false,"footnotes":""},"class_list":["post-3172","page","type-page","status-publish","hentry"],"acf":[],"yoast_head":"<!-- This site is optimized with the Yoast SEO plugin v27.5 - https:\/\/yoast.com\/product\/yoast-seo-wordpress\/ -->\n<title>Art &amp; Vin | Domaine de Chambleau<\/title>\n<meta name=\"description\" content=\"D\u00e9couvrez le &#039;Zurich-Neuch\u00e2tel Art-Express&#039; du Domaine de Chambleau : une fusion unique de vins bio et d&#039;art contemporain, avec des \u00e9tiquettes cr\u00e9\u00e9es par des artistes de renom.\" \/>\n<meta name=\"robots\" content=\"index, follow, max-snippet:-1, max-image-preview:large, max-video-preview:-1\" \/>\n<link rel=\"canonical\" href=\"https:\/\/chambleau.ch\/de\/art\/\" \/>\n<meta property=\"og:locale\" content=\"de_DE\" \/>\n<meta property=\"og:type\" content=\"article\" \/>\n<meta property=\"og:title\" content=\"Art &amp; Vin | Domaine de Chambleau\" \/>\n<meta property=\"og:description\" content=\"D\u00e9couvrez le &#039;Zurich-Neuch\u00e2tel Art-Express&#039; du Domaine de Chambleau : une fusion unique de vins bio et d&#039;art contemporain, avec des \u00e9tiquettes cr\u00e9\u00e9es par des artistes de renom.\" \/>\n<meta property=\"og:url\" content=\"https:\/\/chambleau.ch\/de\/art\/\" \/>\n<meta property=\"og:site_name\" content=\"Domaine de Chambleau\" \/>\n<meta property=\"article:publisher\" content=\"https:\/\/www.facebook.com\/chambleau\/\" \/>\n<meta property=\"article:modified_time\" content=\"2025-03-14T09:35:17+00:00\" \/>\n<meta property=\"og:image\" content=\"https:\/\/chambleau.ch\/wp-content\/uploads\/2025\/01\/cropped-logo-chambleau-mobilee-1-scaled-1.jpg\" \/>\n\t<meta property=\"og:image:width\" content=\"512\" \/>\n\t<meta property=\"og:image:height\" content=\"512\" \/>\n\t<meta property=\"og:image:type\" content=\"image\/jpeg\" \/>\n<meta name=\"twitter:card\" content=\"summary_large_image\" \/>\n<script type=\"application\/ld+json\" class=\"yoast-schema-graph\">{\"@context\":\"https:\\\/\\\/schema.org\",\"@graph\":[{\"@type\":\"WebPage\",\"@id\":\"https:\\\/\\\/chambleau.ch\\\/de\\\/art\\\/\",\"url\":\"https:\\\/\\\/chambleau.ch\\\/de\\\/art\\\/\",\"name\":\"Art & Vin | Domaine de Chambleau\",\"isPartOf\":{\"@id\":\"https:\\\/\\\/chambleau.ch\\\/de\\\/#website\"},\"datePublished\":\"2023-02-02T14:35:53+00:00\",\"dateModified\":\"2025-03-14T09:35:17+00:00\",\"description\":\"D\u00e9couvrez le 'Zurich-Neuch\u00e2tel Art-Express' du Domaine de Chambleau : une fusion unique de vins bio et d'art contemporain, avec des \u00e9tiquettes cr\u00e9\u00e9es par des artistes de renom.\",\"breadcrumb\":{\"@id\":\"https:\\\/\\\/chambleau.ch\\\/de\\\/art\\\/#breadcrumb\"},\"inLanguage\":\"de\",\"potentialAction\":[{\"@type\":\"ReadAction\",\"target\":[\"https:\\\/\\\/chambleau.ch\\\/de\\\/art\\\/\"]}]},{\"@type\":\"BreadcrumbList\",\"@id\":\"https:\\\/\\\/chambleau.ch\\\/de\\\/art\\\/#breadcrumb\",\"itemListElement\":[{\"@type\":\"ListItem\",\"position\":1,\"name\":\"Accueil\",\"item\":\"https:\\\/\\\/chambleau.ch\\\/de\\\/\"},{\"@type\":\"ListItem\",\"position\":2,\"name\":\"Art\"}]},{\"@type\":\"WebSite\",\"@id\":\"https:\\\/\\\/chambleau.ch\\\/de\\\/#website\",\"url\":\"https:\\\/\\\/chambleau.ch\\\/de\\\/\",\"name\":\"Domaine de Chambleau\",\"description\":\"\",\"potentialAction\":[{\"@type\":\"SearchAction\",\"target\":{\"@type\":\"EntryPoint\",\"urlTemplate\":\"https:\\\/\\\/chambleau.ch\\\/de\\\/?s={search_term_string}\"},\"query-input\":{\"@type\":\"PropertyValueSpecification\",\"valueRequired\":true,\"valueName\":\"search_term_string\"}}],\"inLanguage\":\"de\"}]}<\/script>\n<!-- \/ Yoast SEO plugin. -->","yoast_head_json":{"title":"Art & Vin | Domaine de Chambleau","description":"D\u00e9couvrez le 'Zurich-Neuch\u00e2tel Art-Express' du Domaine de Chambleau : une fusion unique de vins bio et d'art contemporain, avec des \u00e9tiquettes cr\u00e9\u00e9es par des artistes de renom.","robots":{"index":"index","follow":"follow","max-snippet":"max-snippet:-1","max-image-preview":"max-image-preview:large","max-video-preview":"max-video-preview:-1"},"canonical":"https:\/\/chambleau.ch\/de\/art\/","og_locale":"de_DE","og_type":"article","og_title":"Art & Vin | Domaine de Chambleau","og_description":"D\u00e9couvrez le 'Zurich-Neuch\u00e2tel Art-Express' du Domaine de Chambleau : une fusion unique de vins bio et d'art contemporain, avec des \u00e9tiquettes cr\u00e9\u00e9es par des artistes de renom.","og_url":"https:\/\/chambleau.ch\/de\/art\/","og_site_name":"Domaine de Chambleau","article_publisher":"https:\/\/www.facebook.com\/chambleau\/","article_modified_time":"2025-03-14T09:35:17+00:00","og_image":[{"width":512,"height":512,"url":"https:\/\/chambleau.ch\/wp-content\/uploads\/2025\/01\/cropped-logo-chambleau-mobilee-1-scaled-1.jpg","type":"image\/jpeg"}],"twitter_card":"summary_large_image","schema":{"@context":"https:\/\/schema.org","@graph":[{"@type":"WebPage","@id":"https:\/\/chambleau.ch\/de\/art\/","url":"https:\/\/chambleau.ch\/de\/art\/","name":"Art & Vin | Domaine de Chambleau","isPartOf":{"@id":"https:\/\/chambleau.ch\/de\/#website"},"datePublished":"2023-02-02T14:35:53+00:00","dateModified":"2025-03-14T09:35:17+00:00","description":"D\u00e9couvrez le 'Zurich-Neuch\u00e2tel Art-Express' du Domaine de Chambleau : une fusion unique de vins bio et d'art contemporain, avec des \u00e9tiquettes cr\u00e9\u00e9es par des artistes de renom.","breadcrumb":{"@id":"https:\/\/chambleau.ch\/de\/art\/#breadcrumb"},"inLanguage":"de","potentialAction":[{"@type":"ReadAction","target":["https:\/\/chambleau.ch\/de\/art\/"]}]},{"@type":"BreadcrumbList","@id":"https:\/\/chambleau.ch\/de\/art\/#breadcrumb","itemListElement":[{"@type":"ListItem","position":1,"name":"Accueil","item":"https:\/\/chambleau.ch\/de\/"},{"@type":"ListItem","position":2,"name":"Art"}]},{"@type":"WebSite","@id":"https:\/\/chambleau.ch\/de\/#website","url":"https:\/\/chambleau.ch\/de\/","name":"Domaine de Chambleau","description":"","potentialAction":[{"@type":"SearchAction","target":{"@type":"EntryPoint","urlTemplate":"https:\/\/chambleau.ch\/de\/?s={search_term_string}"},"query-input":{"@type":"PropertyValueSpecification","valueRequired":true,"valueName":"search_term_string"}}],"inLanguage":"de"}]}},"jetpack_sharing_enabled":true,"_links":{"self":[{"href":"https:\/\/chambleau.ch\/de\/wp-json\/wp\/v2\/pages\/3172","targetHints":{"allow":["GET"]}}],"collection":[{"href":"https:\/\/chambleau.ch\/de\/wp-json\/wp\/v2\/pages"}],"about":[{"href":"https:\/\/chambleau.ch\/de\/wp-json\/wp\/v2\/types\/page"}],"author":[{"embeddable":true,"href":"https:\/\/chambleau.ch\/de\/wp-json\/wp\/v2\/users\/2"}],"replies":[{"embeddable":true,"href":"https:\/\/chambleau.ch\/de\/wp-json\/wp\/v2\/comments?post=3172"}],"version-history":[{"count":0,"href":"https:\/\/chambleau.ch\/de\/wp-json\/wp\/v2\/pages\/3172\/revisions"}],"wp:attachment":[{"href":"https:\/\/chambleau.ch\/de\/wp-json\/wp\/v2\/media?parent=3172"}],"curies":[{"name":"wp","href":"https:\/\/api.w.org\/{rel}","templated":true}]}}