{"id":3491,"date":"2023-04-11T11:17:12","date_gmt":"2023-04-11T09:17:12","guid":{"rendered":"https:\/\/pi99hcbstus.preview.infomaniak.website\/?post_type=product&#038;p=3491"},"modified":"2025-07-08T14:07:00","modified_gmt":"2025-07-08T12:07:00","slug":"la-perdrix-blanche","status":"publish","type":"product","link":"https:\/\/chambleau.ch\/de\/wein\/la-perdrix-blanche\/","title":{"rendered":"Perdrix Blanche 2023"},"content":{"rendered":"<h4>Rebsorte und Jahrgang<\/h4>\n<p>Pinot Noir 2023<\/p>\n<h4>Bezeichnung<\/h4>\n<p>Neuch\u00e2tel AOC<\/p>\n<h4>Vinifikation<\/h4>\n<p>Der Perdrix Blanche ist ein Wei\u00dfwein, der aus roten Trauben hergestellt wird. Er reift 8 Monate in Eichenf\u00e4ssern.<\/p>\n<h4>Verkostungsnotizen<\/h4>\n<p>Der Perdrix Blanche ist ein trockener und lebhafter Gastronomiewein mit einem Bouquet von Knospen schwarzer Johannisbeeren, Birnen und Walderdbeeren. Im Abgang verleiht eine klare Zitronens\u00e4ure diesem rassigen Wein Frische und Dynamik. Er passt besonders gut zu Seefisch und Meeresfr\u00fcchten.<\/p>\n<h4>75cl Flasche<\/h4>\n<p>(CHF 3,20\/dl), enth\u00e4lt Sulfite<\/p>\n","protected":false},"excerpt":{"rendered":"<h4>Rebsorte<\/h4>\n<p>Pinot Noir<\/p>\n<h4>Jahrgang<\/h4>\n<p>2023<\/p>\n<h4>Terroir<\/h4>\n<p>Eine Mischung aus verschiedenen Parzellen.<\/p>\n<h4>Vinifikation<\/h4>\n<p>Der Perdrix Blanche ist ein Wei\u00dfwein, der aus roten Trauben hergestellt wird. Er reift 8 Monate in Eichenf\u00e4ssern.<\/p>\n<h4>Verkostungsnotizen<\/h4>\n<p>Der Perdrix Blanche ist ein trockener und lebhafter Gastronomiewein mit einem Bouquet von Knospen schwarzer Johannisbeeren, Birnen und Walderdbeeren. Im Abgang verleiht eine klare Zitronens\u00e4ure diesem rassigen Wein Frische und Dynamik.<\/p>\n<h4>Essen und Wein<\/h4>\n<p>Er passt besonders gut zu Seefisch und Meeresfr\u00fcchten.<\/p>\n<h4>Reifepotenzial<\/h4>\n<p>Nach 2 bis 3 Jahren Flaschenreife pr\u00e4sentieren sich seine Frucht und Frische am besten.<\/p>\n<h4>Besonderheiten<\/h4>\n<p>Er ist der kleine Bruder des Oeil-de-Perdrix. Er wird aus Pinot Noir (rote Traube mit wei\u00dfem Saft) hergestellt. Die Weinlese wird in runden Trauben in die Presse gef\u00fcllt. Nur der Saft der ersten Pressung wird f\u00fcr die Herstellung des Perdrix Blanche verwendet, um den Kontakt zwischen dem Saft und den Schalen der Trauben, die die roten Farbpigmente enthalten, weitestgehend zu vermeiden. So erh\u00e4lt man einen klaren Saft mit blassgelben Nuancen. Perdrix Blanche wird als Wei\u00dfwein betrachtet und war fr\u00fcher unter der Bezeichnung &#8222;Blanc de Noir&#8220; bekannt.<\/p>\n","protected":false},"featured_media":3497,"template":"","meta":{"_acf_changed":false},"product_brand":[],"product_cat":[24],"product_tag":[],"class_list":{"0":"post-3491","1":"product","2":"type-product","3":"status-publish","4":"has-post-thumbnail","6":"product_cat-uncategorized-de","7":"product_shipping_class-bouteilles-de-vin","9":"first","10":"instock","11":"taxable","12":"shipping-taxable","13":"purchasable","14":"product-type-simple"},"acf":[],"yoast_head":"<!-- This site is optimized with the Yoast SEO plugin v27.5 - https:\/\/yoast.com\/product\/yoast-seo-wordpress\/ -->\n<title>Perdrix Blanche 2023 | Domaine de Chambleau<\/title>\n<meta name=\"robots\" content=\"index, follow, max-snippet:-1, max-image-preview:large, max-video-preview:-1\" \/>\n<link rel=\"canonical\" href=\"https:\/\/chambleau.ch\/de\/wein\/la-perdrix-blanche\/\" \/>\n<meta property=\"og:locale\" content=\"de_DE\" \/>\n<meta property=\"og:type\" content=\"article\" \/>\n<meta property=\"og:title\" content=\"Perdrix Blanche 2023 | Domaine de Chambleau\" \/>\n<meta property=\"og:description\" content=\"Rebsorte Pinot Noir Jahrgang 2023 Terroir Eine Mischung aus verschiedenen Parzellen. Vinifikation Der Perdrix Blanche ist ein Wei\u00dfwein, der aus roten Trauben hergestellt wird. Er reift 8 Monate in Eichenf\u00e4ssern. Verkostungsnotizen Der Perdrix Blanche ist ein trockener und lebhafter Gastronomiewein mit einem Bouquet von Knospen schwarzer Johannisbeeren, Birnen und Walderdbeeren. Im Abgang verleiht eine klare Zitronens\u00e4ure diesem rassigen Wein Frische und Dynamik. Essen und Wein Er passt besonders gut zu Seefisch und Meeresfr\u00fcchten. Reifepotenzial Nach 2 bis 3 Jahren Flaschenreife pr\u00e4sentieren sich seine Frucht und Frische am besten. Besonderheiten Er ist der kleine Bruder des Oeil-de-Perdrix. Er wird aus Pinot Noir (rote Traube mit wei\u00dfem Saft) hergestellt. Die Weinlese wird in runden Trauben in die Presse gef\u00fcllt. Nur der Saft der ersten Pressung wird f\u00fcr die Herstellung des Perdrix Blanche verwendet, um den Kontakt zwischen dem Saft und den Schalen der Trauben, die die roten Farbpigmente enthalten, weitestgehend zu vermeiden. So erh\u00e4lt man einen klaren Saft mit blassgelben Nuancen. Perdrix Blanche wird als Wei\u00dfwein betrachtet und war fr\u00fcher unter der Bezeichnung &quot;Blanc de Noir&quot; bekannt.\" \/>\n<meta property=\"og:url\" content=\"https:\/\/chambleau.ch\/de\/wein\/la-perdrix-blanche\/\" \/>\n<meta property=\"og:site_name\" content=\"Domaine de Chambleau\" \/>\n<meta property=\"article:publisher\" content=\"https:\/\/www.facebook.com\/chambleau\/\" \/>\n<meta property=\"article:modified_time\" content=\"2025-07-08T12:07:00+00:00\" \/>\n<meta property=\"og:image\" content=\"https:\/\/chambleau.ch\/wp-content\/uploads\/2023\/04\/9580_CHA_Pedrix_Blanche_sans_millesime_FOND_TRANSPARENT_LR.png\" \/>\n\t<meta property=\"og:image:width\" content=\"1000\" \/>\n\t<meta property=\"og:image:height\" content=\"1500\" \/>\n\t<meta property=\"og:image:type\" content=\"image\/png\" \/>\n<meta name=\"twitter:card\" content=\"summary_large_image\" \/>\n<meta name=\"twitter:label1\" content=\"Gesch\u00e4tzte Lesezeit\" \/>\n\t<meta name=\"twitter:data1\" content=\"1\u00a0Minute\" \/>\n<script type=\"application\/ld+json\" class=\"yoast-schema-graph\">{\"@context\":\"https:\\\/\\\/schema.org\",\"@graph\":[{\"@type\":\"WebPage\",\"@id\":\"https:\\\/\\\/chambleau.ch\\\/de\\\/wein\\\/la-perdrix-blanche\\\/\",\"url\":\"https:\\\/\\\/chambleau.ch\\\/de\\\/wein\\\/la-perdrix-blanche\\\/\",\"name\":\"Perdrix Blanche 2023 | Domaine de Chambleau\",\"isPartOf\":{\"@id\":\"https:\\\/\\\/chambleau.ch\\\/de\\\/#website\"},\"primaryImageOfPage\":{\"@id\":\"https:\\\/\\\/chambleau.ch\\\/de\\\/wein\\\/la-perdrix-blanche\\\/#primaryimage\"},\"image\":{\"@id\":\"https:\\\/\\\/chambleau.ch\\\/de\\\/wein\\\/la-perdrix-blanche\\\/#primaryimage\"},\"thumbnailUrl\":\"https:\\\/\\\/chambleau.ch\\\/wp-content\\\/uploads\\\/2023\\\/04\\\/9580_CHA_Pedrix_Blanche_sans_millesime_FOND_TRANSPARENT_LR.png\",\"datePublished\":\"2023-04-11T09:17:12+00:00\",\"dateModified\":\"2025-07-08T12:07:00+00:00\",\"breadcrumb\":{\"@id\":\"https:\\\/\\\/chambleau.ch\\\/de\\\/wein\\\/la-perdrix-blanche\\\/#breadcrumb\"},\"inLanguage\":\"de\",\"potentialAction\":[{\"@type\":\"ReadAction\",\"target\":[\"https:\\\/\\\/chambleau.ch\\\/de\\\/wein\\\/la-perdrix-blanche\\\/\"]}]},{\"@type\":\"ImageObject\",\"inLanguage\":\"de\",\"@id\":\"https:\\\/\\\/chambleau.ch\\\/de\\\/wein\\\/la-perdrix-blanche\\\/#primaryimage\",\"url\":\"https:\\\/\\\/chambleau.ch\\\/wp-content\\\/uploads\\\/2023\\\/04\\\/9580_CHA_Pedrix_Blanche_sans_millesime_FOND_TRANSPARENT_LR.png\",\"contentUrl\":\"https:\\\/\\\/chambleau.ch\\\/wp-content\\\/uploads\\\/2023\\\/04\\\/9580_CHA_Pedrix_Blanche_sans_millesime_FOND_TRANSPARENT_LR.png\",\"width\":1000,\"height\":1500},{\"@type\":\"BreadcrumbList\",\"@id\":\"https:\\\/\\\/chambleau.ch\\\/de\\\/wein\\\/la-perdrix-blanche\\\/#breadcrumb\",\"itemListElement\":[{\"@type\":\"ListItem\",\"position\":1,\"name\":\"Accueil\",\"item\":\"https:\\\/\\\/chambleau.ch\\\/de\\\/\"},{\"@type\":\"ListItem\",\"position\":2,\"name\":\"Perdrix Blanche 2023\"}]},{\"@type\":\"WebSite\",\"@id\":\"https:\\\/\\\/chambleau.ch\\\/de\\\/#website\",\"url\":\"https:\\\/\\\/chambleau.ch\\\/de\\\/\",\"name\":\"Domaine de Chambleau\",\"description\":\"\",\"potentialAction\":[{\"@type\":\"SearchAction\",\"target\":{\"@type\":\"EntryPoint\",\"urlTemplate\":\"https:\\\/\\\/chambleau.ch\\\/de\\\/?s={search_term_string}\"},\"query-input\":{\"@type\":\"PropertyValueSpecification\",\"valueRequired\":true,\"valueName\":\"search_term_string\"}}],\"inLanguage\":\"de\"}]}<\/script>\n<!-- \/ Yoast SEO plugin. -->","yoast_head_json":{"title":"Perdrix Blanche 2023 | Domaine de Chambleau","robots":{"index":"index","follow":"follow","max-snippet":"max-snippet:-1","max-image-preview":"max-image-preview:large","max-video-preview":"max-video-preview:-1"},"canonical":"https:\/\/chambleau.ch\/de\/wein\/la-perdrix-blanche\/","og_locale":"de_DE","og_type":"article","og_title":"Perdrix Blanche 2023 | Domaine de Chambleau","og_description":"Rebsorte Pinot Noir Jahrgang 2023 Terroir Eine Mischung aus verschiedenen Parzellen. Vinifikation Der Perdrix Blanche ist ein Wei\u00dfwein, der aus roten Trauben hergestellt wird. Er reift 8 Monate in Eichenf\u00e4ssern. Verkostungsnotizen Der Perdrix Blanche ist ein trockener und lebhafter Gastronomiewein mit einem Bouquet von Knospen schwarzer Johannisbeeren, Birnen und Walderdbeeren. Im Abgang verleiht eine klare Zitronens\u00e4ure diesem rassigen Wein Frische und Dynamik. Essen und Wein Er passt besonders gut zu Seefisch und Meeresfr\u00fcchten. Reifepotenzial Nach 2 bis 3 Jahren Flaschenreife pr\u00e4sentieren sich seine Frucht und Frische am besten. Besonderheiten Er ist der kleine Bruder des Oeil-de-Perdrix. Er wird aus Pinot Noir (rote Traube mit wei\u00dfem Saft) hergestellt. Die Weinlese wird in runden Trauben in die Presse gef\u00fcllt. Nur der Saft der ersten Pressung wird f\u00fcr die Herstellung des Perdrix Blanche verwendet, um den Kontakt zwischen dem Saft und den Schalen der Trauben, die die roten Farbpigmente enthalten, weitestgehend zu vermeiden. So erh\u00e4lt man einen klaren Saft mit blassgelben Nuancen. Perdrix Blanche wird als Wei\u00dfwein betrachtet und war fr\u00fcher unter der Bezeichnung \"Blanc de Noir\" bekannt.","og_url":"https:\/\/chambleau.ch\/de\/wein\/la-perdrix-blanche\/","og_site_name":"Domaine de Chambleau","article_publisher":"https:\/\/www.facebook.com\/chambleau\/","article_modified_time":"2025-07-08T12:07:00+00:00","og_image":[{"width":1000,"height":1500,"url":"https:\/\/chambleau.ch\/wp-content\/uploads\/2023\/04\/9580_CHA_Pedrix_Blanche_sans_millesime_FOND_TRANSPARENT_LR.png","type":"image\/png"}],"twitter_card":"summary_large_image","twitter_misc":{"Gesch\u00e4tzte Lesezeit":"1\u00a0Minute"},"schema":{"@context":"https:\/\/schema.org","@graph":[{"@type":"WebPage","@id":"https:\/\/chambleau.ch\/de\/wein\/la-perdrix-blanche\/","url":"https:\/\/chambleau.ch\/de\/wein\/la-perdrix-blanche\/","name":"Perdrix Blanche 2023 | Domaine de Chambleau","isPartOf":{"@id":"https:\/\/chambleau.ch\/de\/#website"},"primaryImageOfPage":{"@id":"https:\/\/chambleau.ch\/de\/wein\/la-perdrix-blanche\/#primaryimage"},"image":{"@id":"https:\/\/chambleau.ch\/de\/wein\/la-perdrix-blanche\/#primaryimage"},"thumbnailUrl":"https:\/\/chambleau.ch\/wp-content\/uploads\/2023\/04\/9580_CHA_Pedrix_Blanche_sans_millesime_FOND_TRANSPARENT_LR.png","datePublished":"2023-04-11T09:17:12+00:00","dateModified":"2025-07-08T12:07:00+00:00","breadcrumb":{"@id":"https:\/\/chambleau.ch\/de\/wein\/la-perdrix-blanche\/#breadcrumb"},"inLanguage":"de","potentialAction":[{"@type":"ReadAction","target":["https:\/\/chambleau.ch\/de\/wein\/la-perdrix-blanche\/"]}]},{"@type":"ImageObject","inLanguage":"de","@id":"https:\/\/chambleau.ch\/de\/wein\/la-perdrix-blanche\/#primaryimage","url":"https:\/\/chambleau.ch\/wp-content\/uploads\/2023\/04\/9580_CHA_Pedrix_Blanche_sans_millesime_FOND_TRANSPARENT_LR.png","contentUrl":"https:\/\/chambleau.ch\/wp-content\/uploads\/2023\/04\/9580_CHA_Pedrix_Blanche_sans_millesime_FOND_TRANSPARENT_LR.png","width":1000,"height":1500},{"@type":"BreadcrumbList","@id":"https:\/\/chambleau.ch\/de\/wein\/la-perdrix-blanche\/#breadcrumb","itemListElement":[{"@type":"ListItem","position":1,"name":"Accueil","item":"https:\/\/chambleau.ch\/de\/"},{"@type":"ListItem","position":2,"name":"Perdrix Blanche 2023"}]},{"@type":"WebSite","@id":"https:\/\/chambleau.ch\/de\/#website","url":"https:\/\/chambleau.ch\/de\/","name":"Domaine de Chambleau","description":"","potentialAction":[{"@type":"SearchAction","target":{"@type":"EntryPoint","urlTemplate":"https:\/\/chambleau.ch\/de\/?s={search_term_string}"},"query-input":{"@type":"PropertyValueSpecification","valueRequired":true,"valueName":"search_term_string"}}],"inLanguage":"de"}]}},"jetpack_sharing_enabled":true,"_links":{"self":[{"href":"https:\/\/chambleau.ch\/de\/wp-json\/wp\/v2\/product\/3491","targetHints":{"allow":["GET"]}}],"collection":[{"href":"https:\/\/chambleau.ch\/de\/wp-json\/wp\/v2\/product"}],"about":[{"href":"https:\/\/chambleau.ch\/de\/wp-json\/wp\/v2\/types\/product"}],"wp:featuredmedia":[{"embeddable":true,"href":"https:\/\/chambleau.ch\/de\/wp-json\/wp\/v2\/media\/3497"}],"wp:attachment":[{"href":"https:\/\/chambleau.ch\/de\/wp-json\/wp\/v2\/media?parent=3491"}],"wp:term":[{"taxonomy":"product_brand","embeddable":true,"href":"https:\/\/chambleau.ch\/de\/wp-json\/wp\/v2\/product_brand?post=3491"},{"taxonomy":"product_cat","embeddable":true,"href":"https:\/\/chambleau.ch\/de\/wp-json\/wp\/v2\/product_cat?post=3491"},{"taxonomy":"product_tag","embeddable":true,"href":"https:\/\/chambleau.ch\/de\/wp-json\/wp\/v2\/product_tag?post=3491"}],"curies":[{"name":"wp","href":"https:\/\/api.w.org\/{rel}","templated":true}]}}