{"id":616,"date":"2020-03-03T12:18:24","date_gmt":"2020-03-03T11:18:24","guid":{"rendered":"https:\/\/pi99hcbstus.preview.infomaniak.website\/vins\/pinot-noir-cuvee-charlotte\/"},"modified":"2026-03-31T07:43:16","modified_gmt":"2026-03-31T05:43:16","slug":"pinot-noir-cuvee-charlotte","status":"publish","type":"product","link":"https:\/\/chambleau.ch\/de\/wein\/pinot-noir-cuvee-charlotte\/","title":{"rendered":"Pinot Noir &#8222;Cuv\u00e9e Charlotte&#8220; 2024"},"content":{"rendered":"<h4 class=\"p1\">Rebsorte und Jahrgang<\/h4>\n<p class=\"p1\">Pinot Noir alte Reben 2024<\/p>\n<h4>Bezeichnung<\/h4>\n<p>Neuch\u00e2tel AOC<\/p>\n<h4 class=\"p1\">Weinbereitung<\/h4>\n<p class=\"p1\">Lange Maischeg\u00e4rung und zw\u00f6lfmonatiger Ausbau in Eichenf\u00e4ssern.<\/p>\n<h4 class=\"p1\">Verkostungsnotizen<\/h4>\n<p class=\"p1\">Zarte Verm\u00e4hlung des Dufts roter Fr\u00fcchte mit den feinsten Aromen der Eiche. Kr\u00e4ftige Tannine und lange anhaltender Pinot-Noir-Schmelz am Gaumen.<\/p>\n<h4>Erh\u00e4ltlich in Flaschen zu 50 cl, 75 cl und 150 cl, mit Korkverschluss.<\/h4>\n<p>(CHF 4,26\/dl), enth\u00e4lt Sulfite<\/p>\n","protected":false},"excerpt":{"rendered":"<h4 class=\"p1\">Rebsorte<\/h4>\n<p class=\"p1\">Pinot Noir alte Reben<\/p>\n<h4 class=\"p1\">Jahrgang<\/h4>\n<p class=\"p1\">2024<\/p>\n<h4 class=\"p1\">Terroir<\/h4>\n<p class=\"p1\">Dieser Cru stammt aus einer Auswahl an exzellenten, nach S\u00fcdosten ausgerichteten Parzellen, die auf sandigen und kiesigen Mor\u00e4nen liegen.<\/p>\n<h4 class=\"p1\">Weinbereitung<\/h4>\n<p class=\"p1\">Lange Maischeg\u00e4rung und zw\u00f6lfmonatiger Ausbau in Eichenf\u00e4ssern.<\/p>\n<h4 class=\"p1\">Verkostungsnotizen<\/h4>\n<p class=\"p1\">Zarte Verm\u00e4hlung des Dufts roter Fr\u00fcchte mit den feinsten Aromen der Eiche. Kr\u00e4ftige Tannine und lange anhaltender Pinot-Noir-Schmelz am Gaumen.<\/p>\n<h4 class=\"p1\">Essen und Wein<\/h4>\n<p class=\"p1\">Kr\u00e4ftiger Wein, der wunderbar zu weissem und rotem Fleisch passt.<\/p>\n<h4 class=\"p1\">Reifepotenzial<\/h4>\n<p class=\"p1\">8 bis 12 Jahre, je nach Jahrgang.<\/p>\n<h4 class=\"p1\">Besonderheiten<\/h4>\n<p class=\"p1\">Seit 1995 nennen wir diesen Cru zu Ehren unserer \u00e4ltesten Tochter Cuv\u00e9e Charlotte.<\/p>\n","protected":false},"featured_media":3672,"template":"","meta":{"_acf_changed":false},"product_brand":[],"product_cat":[24],"product_tag":[],"class_list":{"0":"post-616","1":"product","2":"type-product","3":"status-publish","4":"has-post-thumbnail","6":"product_cat-uncategorized-de","7":"product_shipping_class-bouteilles-de-vin","9":"first","10":"instock","11":"taxable","12":"shipping-taxable","13":"purchasable","14":"product-type-variable","15":"has-default-attributes"},"acf":[],"yoast_head":"<!-- This site is optimized with the Yoast SEO plugin v27.4 - https:\/\/yoast.com\/product\/yoast-seo-wordpress\/ -->\n<title>Pinot Noir &quot;Cuv\u00e9e Charlotte&quot; 2024 | Domaine de Chambleau<\/title>\n<meta name=\"robots\" content=\"index, follow, max-snippet:-1, max-image-preview:large, max-video-preview:-1\" \/>\n<link rel=\"canonical\" href=\"https:\/\/chambleau.ch\/de\/wein\/pinot-noir-cuvee-charlotte\/\" \/>\n<meta property=\"og:locale\" content=\"de_DE\" \/>\n<meta property=\"og:type\" content=\"article\" \/>\n<meta property=\"og:title\" content=\"Pinot Noir &quot;Cuv\u00e9e Charlotte&quot; 2024 | Domaine de Chambleau\" \/>\n<meta property=\"og:description\" content=\"Rebsorte Pinot Noir alte Reben  Jahrgang 2024  Terroir Dieser Cru stammt aus einer Auswahl an exzellenten, nach S\u00fcdosten ausgerichteten Parzellen, die auf sandigen und kiesigen Mor\u00e4nen liegen.  Weinbereitung Lange Maischeg\u00e4rung und zw\u00f6lfmonatiger Ausbau in Eichenf\u00e4ssern.  Verkostungsnotizen Zarte Verm\u00e4hlung des Dufts roter Fr\u00fcchte mit den feinsten Aromen der Eiche. Kr\u00e4ftige Tannine und lange anhaltender Pinot-Noir-Schmelz am Gaumen.  Essen und Wein Kr\u00e4ftiger Wein, der wunderbar zu weissem und rotem Fleisch passt.  Reifepotenzial 8 bis 12 Jahre, je nach Jahrgang.  Besonderheiten Seit 1995 nennen wir diesen Cru zu Ehren unserer \u00e4ltesten Tochter Cuv\u00e9e Charlotte.\" \/>\n<meta property=\"og:url\" content=\"https:\/\/chambleau.ch\/de\/wein\/pinot-noir-cuvee-charlotte\/\" \/>\n<meta property=\"og:site_name\" content=\"Domaine de Chambleau\" \/>\n<meta property=\"article:publisher\" content=\"https:\/\/www.facebook.com\/chambleau\/\" \/>\n<meta property=\"article:modified_time\" content=\"2026-03-31T05:43:16+00:00\" \/>\n<meta property=\"og:image\" content=\"https:\/\/chambleau.ch\/wp-content\/uploads\/2020\/03\/Cuvee_Charlotte_75cl_Sans_Colerette_Fond_Transparent_LD.png\" \/>\n\t<meta property=\"og:image:width\" content=\"1000\" \/>\n\t<meta property=\"og:image:height\" content=\"1500\" \/>\n\t<meta property=\"og:image:type\" content=\"image\/png\" \/>\n<meta name=\"twitter:card\" content=\"summary_large_image\" \/>\n<meta name=\"twitter:label1\" content=\"Gesch\u00e4tzte Lesezeit\" \/>\n\t<meta name=\"twitter:data1\" content=\"1\u00a0Minute\" \/>\n<script type=\"application\/ld+json\" class=\"yoast-schema-graph\">{\"@context\":\"https:\\\/\\\/schema.org\",\"@graph\":[{\"@type\":\"WebPage\",\"@id\":\"https:\\\/\\\/chambleau.ch\\\/de\\\/wein\\\/pinot-noir-cuvee-charlotte\\\/\",\"url\":\"https:\\\/\\\/chambleau.ch\\\/de\\\/wein\\\/pinot-noir-cuvee-charlotte\\\/\",\"name\":\"Pinot Noir \\\"Cuv\u00e9e Charlotte\\\" 2024 | Domaine de Chambleau\",\"isPartOf\":{\"@id\":\"https:\\\/\\\/chambleau.ch\\\/de\\\/#website\"},\"primaryImageOfPage\":{\"@id\":\"https:\\\/\\\/chambleau.ch\\\/de\\\/wein\\\/pinot-noir-cuvee-charlotte\\\/#primaryimage\"},\"image\":{\"@id\":\"https:\\\/\\\/chambleau.ch\\\/de\\\/wein\\\/pinot-noir-cuvee-charlotte\\\/#primaryimage\"},\"thumbnailUrl\":\"https:\\\/\\\/chambleau.ch\\\/wp-content\\\/uploads\\\/2020\\\/03\\\/Cuvee_Charlotte_75cl_Sans_Colerette_Fond_Transparent_LD.png\",\"datePublished\":\"2020-03-03T11:18:24+00:00\",\"dateModified\":\"2026-03-31T05:43:16+00:00\",\"breadcrumb\":{\"@id\":\"https:\\\/\\\/chambleau.ch\\\/de\\\/wein\\\/pinot-noir-cuvee-charlotte\\\/#breadcrumb\"},\"inLanguage\":\"de\",\"potentialAction\":[{\"@type\":\"ReadAction\",\"target\":[\"https:\\\/\\\/chambleau.ch\\\/de\\\/wein\\\/pinot-noir-cuvee-charlotte\\\/\"]}]},{\"@type\":\"ImageObject\",\"inLanguage\":\"de\",\"@id\":\"https:\\\/\\\/chambleau.ch\\\/de\\\/wein\\\/pinot-noir-cuvee-charlotte\\\/#primaryimage\",\"url\":\"https:\\\/\\\/chambleau.ch\\\/wp-content\\\/uploads\\\/2020\\\/03\\\/Cuvee_Charlotte_75cl_Sans_Colerette_Fond_Transparent_LD.png\",\"contentUrl\":\"https:\\\/\\\/chambleau.ch\\\/wp-content\\\/uploads\\\/2020\\\/03\\\/Cuvee_Charlotte_75cl_Sans_Colerette_Fond_Transparent_LD.png\",\"width\":1000,\"height\":1500},{\"@type\":\"BreadcrumbList\",\"@id\":\"https:\\\/\\\/chambleau.ch\\\/de\\\/wein\\\/pinot-noir-cuvee-charlotte\\\/#breadcrumb\",\"itemListElement\":[{\"@type\":\"ListItem\",\"position\":1,\"name\":\"Accueil\",\"item\":\"https:\\\/\\\/chambleau.ch\\\/de\\\/\"},{\"@type\":\"ListItem\",\"position\":2,\"name\":\"Pinot Noir \u00ab\u00a0Cuv\u00e9e Charlotte\u00a0\u00bb 2024\"}]},{\"@type\":\"WebSite\",\"@id\":\"https:\\\/\\\/chambleau.ch\\\/de\\\/#website\",\"url\":\"https:\\\/\\\/chambleau.ch\\\/de\\\/\",\"name\":\"Domaine de Chambleau\",\"description\":\"\",\"potentialAction\":[{\"@type\":\"SearchAction\",\"target\":{\"@type\":\"EntryPoint\",\"urlTemplate\":\"https:\\\/\\\/chambleau.ch\\\/de\\\/?s={search_term_string}\"},\"query-input\":{\"@type\":\"PropertyValueSpecification\",\"valueRequired\":true,\"valueName\":\"search_term_string\"}}],\"inLanguage\":\"de\"}]}<\/script>\n<!-- \/ Yoast SEO plugin. -->","yoast_head_json":{"title":"Pinot Noir \"Cuv\u00e9e Charlotte\" 2024 | Domaine de Chambleau","robots":{"index":"index","follow":"follow","max-snippet":"max-snippet:-1","max-image-preview":"max-image-preview:large","max-video-preview":"max-video-preview:-1"},"canonical":"https:\/\/chambleau.ch\/de\/wein\/pinot-noir-cuvee-charlotte\/","og_locale":"de_DE","og_type":"article","og_title":"Pinot Noir \"Cuv\u00e9e Charlotte\" 2024 | Domaine de Chambleau","og_description":"Rebsorte Pinot Noir alte Reben  Jahrgang 2024  Terroir Dieser Cru stammt aus einer Auswahl an exzellenten, nach S\u00fcdosten ausgerichteten Parzellen, die auf sandigen und kiesigen Mor\u00e4nen liegen.  Weinbereitung Lange Maischeg\u00e4rung und zw\u00f6lfmonatiger Ausbau in Eichenf\u00e4ssern.  Verkostungsnotizen Zarte Verm\u00e4hlung des Dufts roter Fr\u00fcchte mit den feinsten Aromen der Eiche. Kr\u00e4ftige Tannine und lange anhaltender Pinot-Noir-Schmelz am Gaumen.  Essen und Wein Kr\u00e4ftiger Wein, der wunderbar zu weissem und rotem Fleisch passt.  Reifepotenzial 8 bis 12 Jahre, je nach Jahrgang.  Besonderheiten Seit 1995 nennen wir diesen Cru zu Ehren unserer \u00e4ltesten Tochter Cuv\u00e9e Charlotte.","og_url":"https:\/\/chambleau.ch\/de\/wein\/pinot-noir-cuvee-charlotte\/","og_site_name":"Domaine de Chambleau","article_publisher":"https:\/\/www.facebook.com\/chambleau\/","article_modified_time":"2026-03-31T05:43:16+00:00","og_image":[{"width":1000,"height":1500,"url":"https:\/\/chambleau.ch\/wp-content\/uploads\/2020\/03\/Cuvee_Charlotte_75cl_Sans_Colerette_Fond_Transparent_LD.png","type":"image\/png"}],"twitter_card":"summary_large_image","twitter_misc":{"Gesch\u00e4tzte Lesezeit":"1\u00a0Minute"},"schema":{"@context":"https:\/\/schema.org","@graph":[{"@type":"WebPage","@id":"https:\/\/chambleau.ch\/de\/wein\/pinot-noir-cuvee-charlotte\/","url":"https:\/\/chambleau.ch\/de\/wein\/pinot-noir-cuvee-charlotte\/","name":"Pinot Noir \"Cuv\u00e9e Charlotte\" 2024 | Domaine de Chambleau","isPartOf":{"@id":"https:\/\/chambleau.ch\/de\/#website"},"primaryImageOfPage":{"@id":"https:\/\/chambleau.ch\/de\/wein\/pinot-noir-cuvee-charlotte\/#primaryimage"},"image":{"@id":"https:\/\/chambleau.ch\/de\/wein\/pinot-noir-cuvee-charlotte\/#primaryimage"},"thumbnailUrl":"https:\/\/chambleau.ch\/wp-content\/uploads\/2020\/03\/Cuvee_Charlotte_75cl_Sans_Colerette_Fond_Transparent_LD.png","datePublished":"2020-03-03T11:18:24+00:00","dateModified":"2026-03-31T05:43:16+00:00","breadcrumb":{"@id":"https:\/\/chambleau.ch\/de\/wein\/pinot-noir-cuvee-charlotte\/#breadcrumb"},"inLanguage":"de","potentialAction":[{"@type":"ReadAction","target":["https:\/\/chambleau.ch\/de\/wein\/pinot-noir-cuvee-charlotte\/"]}]},{"@type":"ImageObject","inLanguage":"de","@id":"https:\/\/chambleau.ch\/de\/wein\/pinot-noir-cuvee-charlotte\/#primaryimage","url":"https:\/\/chambleau.ch\/wp-content\/uploads\/2020\/03\/Cuvee_Charlotte_75cl_Sans_Colerette_Fond_Transparent_LD.png","contentUrl":"https:\/\/chambleau.ch\/wp-content\/uploads\/2020\/03\/Cuvee_Charlotte_75cl_Sans_Colerette_Fond_Transparent_LD.png","width":1000,"height":1500},{"@type":"BreadcrumbList","@id":"https:\/\/chambleau.ch\/de\/wein\/pinot-noir-cuvee-charlotte\/#breadcrumb","itemListElement":[{"@type":"ListItem","position":1,"name":"Accueil","item":"https:\/\/chambleau.ch\/de\/"},{"@type":"ListItem","position":2,"name":"Pinot Noir \u00ab\u00a0Cuv\u00e9e Charlotte\u00a0\u00bb 2024"}]},{"@type":"WebSite","@id":"https:\/\/chambleau.ch\/de\/#website","url":"https:\/\/chambleau.ch\/de\/","name":"Domaine de Chambleau","description":"","potentialAction":[{"@type":"SearchAction","target":{"@type":"EntryPoint","urlTemplate":"https:\/\/chambleau.ch\/de\/?s={search_term_string}"},"query-input":{"@type":"PropertyValueSpecification","valueRequired":true,"valueName":"search_term_string"}}],"inLanguage":"de"}]}},"jetpack_sharing_enabled":true,"_links":{"self":[{"href":"https:\/\/chambleau.ch\/de\/wp-json\/wp\/v2\/product\/616","targetHints":{"allow":["GET"]}}],"collection":[{"href":"https:\/\/chambleau.ch\/de\/wp-json\/wp\/v2\/product"}],"about":[{"href":"https:\/\/chambleau.ch\/de\/wp-json\/wp\/v2\/types\/product"}],"wp:featuredmedia":[{"embeddable":true,"href":"https:\/\/chambleau.ch\/de\/wp-json\/wp\/v2\/media\/3672"}],"wp:attachment":[{"href":"https:\/\/chambleau.ch\/de\/wp-json\/wp\/v2\/media?parent=616"}],"wp:term":[{"taxonomy":"product_brand","embeddable":true,"href":"https:\/\/chambleau.ch\/de\/wp-json\/wp\/v2\/product_brand?post=616"},{"taxonomy":"product_cat","embeddable":true,"href":"https:\/\/chambleau.ch\/de\/wp-json\/wp\/v2\/product_cat?post=616"},{"taxonomy":"product_tag","embeddable":true,"href":"https:\/\/chambleau.ch\/de\/wp-json\/wp\/v2\/product_tag?post=616"}],"curies":[{"name":"wp","href":"https:\/\/api.w.org\/{rel}","templated":true}]}}