{"id":619,"date":"2020-03-03T12:21:26","date_gmt":"2020-03-03T11:21:26","guid":{"rendered":"https:\/\/pi99hcbstus.preview.infomaniak.website\/?post_type=product&#038;p=619"},"modified":"2025-10-25T10:24:10","modified_gmt":"2025-10-25T08:24:10","slug":"pinot-noir-la-gavotte","status":"publish","type":"product","link":"https:\/\/chambleau.ch\/de\/wein\/pinot-noir-la-gavotte\/","title":{"rendered":"Pinot noir  &#8222;La Gavotte&#8220; 2022"},"content":{"rendered":"<h4>Rebsorte und Jahrgang<\/h4>\n<p>Pinot Noir 2022 aus der Parzelle &#8222;La Gavotte&#8220;<\/p>\n<h4>Bezeichnung<\/h4>\n<p>Neuch\u00e2tel AOC<\/p>\n<h4>Weinbereitung<\/h4>\n<p>Mazeration von Ganztrauben, so weit wie m\u00f6glich. 12 bis 18 Monate in F\u00e4ssern gereift.<\/p>\n<h4>Verkostungsnotizen<\/h4>\n<p>Ein Lagenwein mit Noten von Sauerkirschen und Kreide von grosser Frische.<\/p>\n<h4>75cl Flasche<\/h4>\n<p>(CHF 6,26\/dl), enth\u00e4lt Sulfite<\/p>\n","protected":false},"excerpt":{"rendered":"<h4>Rebsorte<\/h4>\n<p>Pinot Noir<\/p>\n<h4>Jahrgang<\/h4>\n<p>2022<\/p>\n<h4>Terroir<\/h4>\n<p>Die Parzelle La Gavotte mit sandigem und kiesigem Unterboden. Dank der Hang und der S\u00fcdausrichtung ist das Mikroklima ideal. Sehr begrenzte Produktion.<\/p>\n<h4>Weinbereitung<\/h4>\n<p>Ganztraubenmazeration. Die Beeren werden auf altmodische Art und Weise mit den F\u00fcssen untergestossen. 12 bis 18 Monate in F\u00e4ssern gereift.<\/p>\n<h4>Verkostungsnotizen<\/h4>\n<p>Ein Lagenwein mit Noten von Sauerkirschen und Kreide von grosser Frische. Minzige Gew\u00fcrzaromen. Frucht von grosser Brillianz.<\/p>\n<h4>Essen und Wein<\/h4>\n<p>Fruchtiger und delikater Wein. Passt perfekt zu weissem Fleisch.<\/p>\n<h4>Reifepotenzial<\/h4>\n<p>8 bis 10 Jahre.<\/p>\n<h4>Besonderheiten<\/h4>\n<p>Diese Parzelle liegt schon auf den aus dem 17. Jahrhundert alten Pl\u00e4nen des Weinbergs und wurde beim Bau der Eisenbahnlinie 1870 in zwei Teile zerschnitten. Seit 1950 Besitzer des oberen Teils der Gavotte, konnte die Familie Burgat im Jahr 2016 den unteren Teil erwerben mit der Idee, die Trauben dieses Terroirs wieder zu vereinigen.<\/p>\n","protected":false},"featured_media":1969,"template":"","meta":{"_acf_changed":false},"product_brand":[],"product_cat":[24],"product_tag":[],"class_list":{"0":"post-619","1":"product","2":"type-product","3":"status-publish","4":"has-post-thumbnail","6":"product_cat-uncategorized-de","7":"product_shipping_class-bouteilles-de-vin","9":"first","10":"instock","11":"taxable","12":"shipping-taxable","13":"purchasable","14":"product-type-simple"},"acf":[],"yoast_head":"<!-- This site is optimized with the Yoast SEO plugin v27.5 - https:\/\/yoast.com\/product\/yoast-seo-wordpress\/ -->\n<title>Pinot noir &quot;La Gavotte&quot; 2022 | Domaine de Chambleau<\/title>\n<meta name=\"robots\" content=\"index, follow, max-snippet:-1, max-image-preview:large, max-video-preview:-1\" \/>\n<link rel=\"canonical\" href=\"https:\/\/chambleau.ch\/de\/wein\/pinot-noir-la-gavotte\/\" \/>\n<meta property=\"og:locale\" content=\"de_DE\" \/>\n<meta property=\"og:type\" content=\"article\" \/>\n<meta property=\"og:title\" content=\"Pinot noir &quot;La Gavotte&quot; 2022 | Domaine de Chambleau\" \/>\n<meta property=\"og:description\" content=\"Rebsorte Pinot Noir Jahrgang 2022 Terroir Die Parzelle La Gavotte mit sandigem und kiesigem Unterboden. Dank der Hang und der S\u00fcdausrichtung ist das Mikroklima ideal. Sehr begrenzte Produktion. Weinbereitung Ganztraubenmazeration. Die Beeren werden auf altmodische Art und Weise mit den F\u00fcssen untergestossen. 12 bis 18 Monate in F\u00e4ssern gereift. Verkostungsnotizen Ein Lagenwein mit Noten von Sauerkirschen und Kreide von grosser Frische. Minzige Gew\u00fcrzaromen. Frucht von grosser Brillianz. Essen und Wein Fruchtiger und delikater Wein. Passt perfekt zu weissem Fleisch. Reifepotenzial 8 bis 10 Jahre. Besonderheiten Diese Parzelle liegt schon auf den aus dem 17. Jahrhundert alten Pl\u00e4nen des Weinbergs und wurde beim Bau der Eisenbahnlinie 1870 in zwei Teile zerschnitten. Seit 1950 Besitzer des oberen Teils der Gavotte, konnte die Familie Burgat im Jahr 2016 den unteren Teil erwerben mit der Idee, die Trauben dieses Terroirs wieder zu vereinigen.\" \/>\n<meta property=\"og:url\" content=\"https:\/\/chambleau.ch\/de\/wein\/pinot-noir-la-gavotte\/\" \/>\n<meta property=\"og:site_name\" content=\"Domaine de Chambleau\" \/>\n<meta property=\"article:publisher\" content=\"https:\/\/www.facebook.com\/chambleau\/\" \/>\n<meta property=\"article:modified_time\" content=\"2025-10-25T08:24:10+00:00\" \/>\n<meta property=\"og:image\" content=\"https:\/\/chambleau.ch\/wp-content\/uploads\/2020\/03\/La_Gavotte_75cl_Fond_Transparent_LD.png\" \/>\n\t<meta property=\"og:image:width\" content=\"1000\" \/>\n\t<meta property=\"og:image:height\" content=\"1500\" \/>\n\t<meta property=\"og:image:type\" content=\"image\/png\" \/>\n<meta name=\"twitter:card\" content=\"summary_large_image\" \/>\n<meta name=\"twitter:label1\" content=\"Gesch\u00e4tzte Lesezeit\" \/>\n\t<meta name=\"twitter:data1\" content=\"1\u00a0Minute\" \/>\n<script type=\"application\/ld+json\" class=\"yoast-schema-graph\">{\"@context\":\"https:\\\/\\\/schema.org\",\"@graph\":[{\"@type\":\"WebPage\",\"@id\":\"https:\\\/\\\/chambleau.ch\\\/de\\\/wein\\\/pinot-noir-la-gavotte\\\/\",\"url\":\"https:\\\/\\\/chambleau.ch\\\/de\\\/wein\\\/pinot-noir-la-gavotte\\\/\",\"name\":\"Pinot noir \\\"La Gavotte\\\" 2022 | Domaine de Chambleau\",\"isPartOf\":{\"@id\":\"https:\\\/\\\/chambleau.ch\\\/de\\\/#website\"},\"primaryImageOfPage\":{\"@id\":\"https:\\\/\\\/chambleau.ch\\\/de\\\/wein\\\/pinot-noir-la-gavotte\\\/#primaryimage\"},\"image\":{\"@id\":\"https:\\\/\\\/chambleau.ch\\\/de\\\/wein\\\/pinot-noir-la-gavotte\\\/#primaryimage\"},\"thumbnailUrl\":\"https:\\\/\\\/chambleau.ch\\\/wp-content\\\/uploads\\\/2020\\\/03\\\/La_Gavotte_75cl_Fond_Transparent_LD.png\",\"datePublished\":\"2020-03-03T11:21:26+00:00\",\"dateModified\":\"2025-10-25T08:24:10+00:00\",\"breadcrumb\":{\"@id\":\"https:\\\/\\\/chambleau.ch\\\/de\\\/wein\\\/pinot-noir-la-gavotte\\\/#breadcrumb\"},\"inLanguage\":\"de\",\"potentialAction\":[{\"@type\":\"ReadAction\",\"target\":[\"https:\\\/\\\/chambleau.ch\\\/de\\\/wein\\\/pinot-noir-la-gavotte\\\/\"]}]},{\"@type\":\"ImageObject\",\"inLanguage\":\"de\",\"@id\":\"https:\\\/\\\/chambleau.ch\\\/de\\\/wein\\\/pinot-noir-la-gavotte\\\/#primaryimage\",\"url\":\"https:\\\/\\\/chambleau.ch\\\/wp-content\\\/uploads\\\/2020\\\/03\\\/La_Gavotte_75cl_Fond_Transparent_LD.png\",\"contentUrl\":\"https:\\\/\\\/chambleau.ch\\\/wp-content\\\/uploads\\\/2020\\\/03\\\/La_Gavotte_75cl_Fond_Transparent_LD.png\",\"width\":1000,\"height\":1500},{\"@type\":\"BreadcrumbList\",\"@id\":\"https:\\\/\\\/chambleau.ch\\\/de\\\/wein\\\/pinot-noir-la-gavotte\\\/#breadcrumb\",\"itemListElement\":[{\"@type\":\"ListItem\",\"position\":1,\"name\":\"Accueil\",\"item\":\"https:\\\/\\\/chambleau.ch\\\/de\\\/\"},{\"@type\":\"ListItem\",\"position\":2,\"name\":\"Pinot noir &#8222;La Gavotte&#8220; 2022\"}]},{\"@type\":\"WebSite\",\"@id\":\"https:\\\/\\\/chambleau.ch\\\/de\\\/#website\",\"url\":\"https:\\\/\\\/chambleau.ch\\\/de\\\/\",\"name\":\"Domaine de Chambleau\",\"description\":\"\",\"potentialAction\":[{\"@type\":\"SearchAction\",\"target\":{\"@type\":\"EntryPoint\",\"urlTemplate\":\"https:\\\/\\\/chambleau.ch\\\/de\\\/?s={search_term_string}\"},\"query-input\":{\"@type\":\"PropertyValueSpecification\",\"valueRequired\":true,\"valueName\":\"search_term_string\"}}],\"inLanguage\":\"de\"}]}<\/script>\n<!-- \/ Yoast SEO plugin. -->","yoast_head_json":{"title":"Pinot noir \"La Gavotte\" 2022 | Domaine de Chambleau","robots":{"index":"index","follow":"follow","max-snippet":"max-snippet:-1","max-image-preview":"max-image-preview:large","max-video-preview":"max-video-preview:-1"},"canonical":"https:\/\/chambleau.ch\/de\/wein\/pinot-noir-la-gavotte\/","og_locale":"de_DE","og_type":"article","og_title":"Pinot noir \"La Gavotte\" 2022 | Domaine de Chambleau","og_description":"Rebsorte Pinot Noir Jahrgang 2022 Terroir Die Parzelle La Gavotte mit sandigem und kiesigem Unterboden. Dank der Hang und der S\u00fcdausrichtung ist das Mikroklima ideal. Sehr begrenzte Produktion. Weinbereitung Ganztraubenmazeration. Die Beeren werden auf altmodische Art und Weise mit den F\u00fcssen untergestossen. 12 bis 18 Monate in F\u00e4ssern gereift. Verkostungsnotizen Ein Lagenwein mit Noten von Sauerkirschen und Kreide von grosser Frische. Minzige Gew\u00fcrzaromen. Frucht von grosser Brillianz. Essen und Wein Fruchtiger und delikater Wein. Passt perfekt zu weissem Fleisch. Reifepotenzial 8 bis 10 Jahre. Besonderheiten Diese Parzelle liegt schon auf den aus dem 17. Jahrhundert alten Pl\u00e4nen des Weinbergs und wurde beim Bau der Eisenbahnlinie 1870 in zwei Teile zerschnitten. Seit 1950 Besitzer des oberen Teils der Gavotte, konnte die Familie Burgat im Jahr 2016 den unteren Teil erwerben mit der Idee, die Trauben dieses Terroirs wieder zu vereinigen.","og_url":"https:\/\/chambleau.ch\/de\/wein\/pinot-noir-la-gavotte\/","og_site_name":"Domaine de Chambleau","article_publisher":"https:\/\/www.facebook.com\/chambleau\/","article_modified_time":"2025-10-25T08:24:10+00:00","og_image":[{"width":1000,"height":1500,"url":"https:\/\/chambleau.ch\/wp-content\/uploads\/2020\/03\/La_Gavotte_75cl_Fond_Transparent_LD.png","type":"image\/png"}],"twitter_card":"summary_large_image","twitter_misc":{"Gesch\u00e4tzte Lesezeit":"1\u00a0Minute"},"schema":{"@context":"https:\/\/schema.org","@graph":[{"@type":"WebPage","@id":"https:\/\/chambleau.ch\/de\/wein\/pinot-noir-la-gavotte\/","url":"https:\/\/chambleau.ch\/de\/wein\/pinot-noir-la-gavotte\/","name":"Pinot noir \"La Gavotte\" 2022 | Domaine de Chambleau","isPartOf":{"@id":"https:\/\/chambleau.ch\/de\/#website"},"primaryImageOfPage":{"@id":"https:\/\/chambleau.ch\/de\/wein\/pinot-noir-la-gavotte\/#primaryimage"},"image":{"@id":"https:\/\/chambleau.ch\/de\/wein\/pinot-noir-la-gavotte\/#primaryimage"},"thumbnailUrl":"https:\/\/chambleau.ch\/wp-content\/uploads\/2020\/03\/La_Gavotte_75cl_Fond_Transparent_LD.png","datePublished":"2020-03-03T11:21:26+00:00","dateModified":"2025-10-25T08:24:10+00:00","breadcrumb":{"@id":"https:\/\/chambleau.ch\/de\/wein\/pinot-noir-la-gavotte\/#breadcrumb"},"inLanguage":"de","potentialAction":[{"@type":"ReadAction","target":["https:\/\/chambleau.ch\/de\/wein\/pinot-noir-la-gavotte\/"]}]},{"@type":"ImageObject","inLanguage":"de","@id":"https:\/\/chambleau.ch\/de\/wein\/pinot-noir-la-gavotte\/#primaryimage","url":"https:\/\/chambleau.ch\/wp-content\/uploads\/2020\/03\/La_Gavotte_75cl_Fond_Transparent_LD.png","contentUrl":"https:\/\/chambleau.ch\/wp-content\/uploads\/2020\/03\/La_Gavotte_75cl_Fond_Transparent_LD.png","width":1000,"height":1500},{"@type":"BreadcrumbList","@id":"https:\/\/chambleau.ch\/de\/wein\/pinot-noir-la-gavotte\/#breadcrumb","itemListElement":[{"@type":"ListItem","position":1,"name":"Accueil","item":"https:\/\/chambleau.ch\/de\/"},{"@type":"ListItem","position":2,"name":"Pinot noir &#8222;La Gavotte&#8220; 2022"}]},{"@type":"WebSite","@id":"https:\/\/chambleau.ch\/de\/#website","url":"https:\/\/chambleau.ch\/de\/","name":"Domaine de Chambleau","description":"","potentialAction":[{"@type":"SearchAction","target":{"@type":"EntryPoint","urlTemplate":"https:\/\/chambleau.ch\/de\/?s={search_term_string}"},"query-input":{"@type":"PropertyValueSpecification","valueRequired":true,"valueName":"search_term_string"}}],"inLanguage":"de"}]}},"jetpack_sharing_enabled":true,"_links":{"self":[{"href":"https:\/\/chambleau.ch\/de\/wp-json\/wp\/v2\/product\/619","targetHints":{"allow":["GET"]}}],"collection":[{"href":"https:\/\/chambleau.ch\/de\/wp-json\/wp\/v2\/product"}],"about":[{"href":"https:\/\/chambleau.ch\/de\/wp-json\/wp\/v2\/types\/product"}],"wp:featuredmedia":[{"embeddable":true,"href":"https:\/\/chambleau.ch\/de\/wp-json\/wp\/v2\/media\/1969"}],"wp:attachment":[{"href":"https:\/\/chambleau.ch\/de\/wp-json\/wp\/v2\/media?parent=619"}],"wp:term":[{"taxonomy":"product_brand","embeddable":true,"href":"https:\/\/chambleau.ch\/de\/wp-json\/wp\/v2\/product_brand?post=619"},{"taxonomy":"product_cat","embeddable":true,"href":"https:\/\/chambleau.ch\/de\/wp-json\/wp\/v2\/product_cat?post=619"},{"taxonomy":"product_tag","embeddable":true,"href":"https:\/\/chambleau.ch\/de\/wp-json\/wp\/v2\/product_tag?post=619"}],"curies":[{"name":"wp","href":"https:\/\/api.w.org\/{rel}","templated":true}]}}