{"id":644,"date":"2020-03-03T12:33:55","date_gmt":"2020-03-03T11:33:55","guid":{"rendered":"https:\/\/pi99hcbstus.preview.infomaniak.website\/vins\/chambleau-blanc\/"},"modified":"2026-03-30T14:57:10","modified_gmt":"2026-03-30T12:57:10","slug":"chambleau-blanc","status":"publish","type":"product","link":"https:\/\/chambleau.ch\/de\/wein\/chambleau-blanc\/","title":{"rendered":"Chambleau Blanc 2025"},"content":{"rendered":"<h4>Rebsorte und Jahrgang<\/h4>\n<p>Gutedel 2025<\/p>\n<h4>Bezeichnung<\/h4>\n<p>Neuch\u00e2tel AOC<\/p>\n<h4>Weinbereitung<\/h4>\n<p>Der Gutedel reift bis zur Abf\u00fcllung auf der Feinhefe, was dem Wein Komplexit\u00e4t verleiht.<\/p>\n<h4>Verkostungsnotizen<\/h4>\n<p>Aromen von Feuerstein, Zitrone, Limette und Zitrusfr\u00fcchten steigen in die Nase. Am Gaumen ist er frisch und fruchtig. Feine Kohlens\u00e4urebl\u00e4schen sprudeln auf der Zunge und bringen Frische und Typizit\u00e4t in diesen Herrn unserer Terroirs.<\/p>\n<h4>Erh\u00e4ltlich in Flaschen zu 75 cl und 50 cl, mit Korkverschluss.<\/h4>\n<p>(CHF 2,13\/dl), enth\u00e4lt Sulfite<\/p>\n","protected":false},"excerpt":{"rendered":"<h4>Rebsorte<\/h4>\n<p>Gutedel<\/p>\n<h4>Jahrgang<\/h4>\n<p>2025<\/p>\n<h4>Terroir<\/h4>\n<p>Lehmb\u00f6den des Seeufers<\/p>\n<h4>Weinbereitung<\/h4>\n<p>Der Gutedel reift bis zur Abf\u00fcllung auf der Feinhefe, was dem Wein Komplexit\u00e4t verleiht.<\/p>\n<h4>Verkostungsnotizen<\/h4>\n<p>Aromen von Feuerstein, Zitrone, Limette und Zitrusfr\u00fcchten steigen in die Nase. Am Gaumen ist er frisch und fruchtig. Feine Kohlens\u00e4urebl\u00e4schen sprudeln auf der Zunge und bringen Frische und Typizit\u00e4t in diesen Herrn unserer Terroirs.<\/p>\n<h4>Essen und Wein<\/h4>\n<p>Dieser k\u00f6stliche Weisswein ist ideal als Aperitif und passt hervorragend zu Fisch- und K\u00e4segerichten.<\/p>\n<h4>Reifepotenzial<\/h4>\n<p>2 Jahre, um vom Besten aus seiner Frucht und Frische zu profitieren.<\/p>\n<h4>Besonderheiten<\/h4>\n<p>Der Basiswein f\u00fcr den Kenner!<\/p>\n","protected":false},"featured_media":3665,"template":"","meta":{"_acf_changed":false},"product_brand":[],"product_cat":[24],"product_tag":[],"class_list":{"0":"post-644","1":"product","2":"type-product","3":"status-publish","4":"has-post-thumbnail","6":"product_cat-uncategorized-de","7":"product_shipping_class-bouteilles-de-vin","9":"first","10":"instock","11":"taxable","12":"shipping-taxable","13":"purchasable","14":"product-type-variable","15":"has-default-attributes"},"acf":[],"yoast_head":"<!-- This site is optimized with the Yoast SEO plugin v27.4 - https:\/\/yoast.com\/product\/yoast-seo-wordpress\/ -->\n<title>Chambleau Blanc 2025 | Domaine de Chambleau<\/title>\n<meta name=\"robots\" content=\"index, follow, max-snippet:-1, max-image-preview:large, max-video-preview:-1\" \/>\n<link rel=\"canonical\" href=\"https:\/\/chambleau.ch\/de\/wein\/chambleau-blanc\/\" \/>\n<meta property=\"og:locale\" content=\"de_DE\" \/>\n<meta property=\"og:type\" content=\"article\" \/>\n<meta property=\"og:title\" content=\"Chambleau Blanc 2025 | Domaine de Chambleau\" \/>\n<meta property=\"og:description\" content=\"Rebsorte Gutedel Jahrgang 2025 Terroir Lehmb\u00f6den des Seeufers Weinbereitung Der Gutedel reift bis zur Abf\u00fcllung auf der Feinhefe, was dem Wein Komplexit\u00e4t verleiht. Verkostungsnotizen Aromen von Feuerstein, Zitrone, Limette und Zitrusfr\u00fcchten steigen in die Nase. Am Gaumen ist er frisch und fruchtig. Feine Kohlens\u00e4urebl\u00e4schen sprudeln auf der Zunge und bringen Frische und Typizit\u00e4t in diesen Herrn unserer Terroirs. Essen und Wein Dieser k\u00f6stliche Weisswein ist ideal als Aperitif und passt hervorragend zu Fisch- und K\u00e4segerichten. Reifepotenzial 2 Jahre, um vom Besten aus seiner Frucht und Frische zu profitieren. Besonderheiten Der Basiswein f\u00fcr den Kenner!\" \/>\n<meta property=\"og:url\" content=\"https:\/\/chambleau.ch\/de\/wein\/chambleau-blanc\/\" \/>\n<meta property=\"og:site_name\" content=\"Domaine de Chambleau\" \/>\n<meta property=\"article:publisher\" content=\"https:\/\/www.facebook.com\/chambleau\/\" \/>\n<meta property=\"article:modified_time\" content=\"2026-03-30T12:57:10+00:00\" \/>\n<meta property=\"og:image\" content=\"https:\/\/chambleau.ch\/wp-content\/uploads\/2020\/03\/Chasselas_75cl_Fond_blanc_juin_2023_Sans_colerette_Fond_Transparent_LD.png\" \/>\n\t<meta property=\"og:image:width\" content=\"1000\" \/>\n\t<meta property=\"og:image:height\" content=\"1500\" \/>\n\t<meta property=\"og:image:type\" content=\"image\/png\" \/>\n<meta name=\"twitter:card\" content=\"summary_large_image\" \/>\n<meta name=\"twitter:label1\" content=\"Gesch\u00e4tzte Lesezeit\" \/>\n\t<meta name=\"twitter:data1\" content=\"1\u00a0Minute\" \/>\n<script type=\"application\/ld+json\" class=\"yoast-schema-graph\">{\"@context\":\"https:\\\/\\\/schema.org\",\"@graph\":[{\"@type\":\"WebPage\",\"@id\":\"https:\\\/\\\/chambleau.ch\\\/de\\\/wein\\\/chambleau-blanc\\\/\",\"url\":\"https:\\\/\\\/chambleau.ch\\\/de\\\/wein\\\/chambleau-blanc\\\/\",\"name\":\"Chambleau Blanc 2025 | Domaine de Chambleau\",\"isPartOf\":{\"@id\":\"https:\\\/\\\/chambleau.ch\\\/de\\\/#website\"},\"primaryImageOfPage\":{\"@id\":\"https:\\\/\\\/chambleau.ch\\\/de\\\/wein\\\/chambleau-blanc\\\/#primaryimage\"},\"image\":{\"@id\":\"https:\\\/\\\/chambleau.ch\\\/de\\\/wein\\\/chambleau-blanc\\\/#primaryimage\"},\"thumbnailUrl\":\"https:\\\/\\\/chambleau.ch\\\/wp-content\\\/uploads\\\/2020\\\/03\\\/Chasselas_75cl_Fond_blanc_juin_2023_Sans_colerette_Fond_Transparent_LD.png\",\"datePublished\":\"2020-03-03T11:33:55+00:00\",\"dateModified\":\"2026-03-30T12:57:10+00:00\",\"breadcrumb\":{\"@id\":\"https:\\\/\\\/chambleau.ch\\\/de\\\/wein\\\/chambleau-blanc\\\/#breadcrumb\"},\"inLanguage\":\"de\",\"potentialAction\":[{\"@type\":\"ReadAction\",\"target\":[\"https:\\\/\\\/chambleau.ch\\\/de\\\/wein\\\/chambleau-blanc\\\/\"]}]},{\"@type\":\"ImageObject\",\"inLanguage\":\"de\",\"@id\":\"https:\\\/\\\/chambleau.ch\\\/de\\\/wein\\\/chambleau-blanc\\\/#primaryimage\",\"url\":\"https:\\\/\\\/chambleau.ch\\\/wp-content\\\/uploads\\\/2020\\\/03\\\/Chasselas_75cl_Fond_blanc_juin_2023_Sans_colerette_Fond_Transparent_LD.png\",\"contentUrl\":\"https:\\\/\\\/chambleau.ch\\\/wp-content\\\/uploads\\\/2020\\\/03\\\/Chasselas_75cl_Fond_blanc_juin_2023_Sans_colerette_Fond_Transparent_LD.png\",\"width\":1000,\"height\":1500},{\"@type\":\"BreadcrumbList\",\"@id\":\"https:\\\/\\\/chambleau.ch\\\/de\\\/wein\\\/chambleau-blanc\\\/#breadcrumb\",\"itemListElement\":[{\"@type\":\"ListItem\",\"position\":1,\"name\":\"Accueil\",\"item\":\"https:\\\/\\\/chambleau.ch\\\/de\\\/\"},{\"@type\":\"ListItem\",\"position\":2,\"name\":\"Chambleau Blanc 2025\"}]},{\"@type\":\"WebSite\",\"@id\":\"https:\\\/\\\/chambleau.ch\\\/de\\\/#website\",\"url\":\"https:\\\/\\\/chambleau.ch\\\/de\\\/\",\"name\":\"Domaine de Chambleau\",\"description\":\"\",\"potentialAction\":[{\"@type\":\"SearchAction\",\"target\":{\"@type\":\"EntryPoint\",\"urlTemplate\":\"https:\\\/\\\/chambleau.ch\\\/de\\\/?s={search_term_string}\"},\"query-input\":{\"@type\":\"PropertyValueSpecification\",\"valueRequired\":true,\"valueName\":\"search_term_string\"}}],\"inLanguage\":\"de\"}]}<\/script>\n<!-- \/ Yoast SEO plugin. -->","yoast_head_json":{"title":"Chambleau Blanc 2025 | Domaine de Chambleau","robots":{"index":"index","follow":"follow","max-snippet":"max-snippet:-1","max-image-preview":"max-image-preview:large","max-video-preview":"max-video-preview:-1"},"canonical":"https:\/\/chambleau.ch\/de\/wein\/chambleau-blanc\/","og_locale":"de_DE","og_type":"article","og_title":"Chambleau Blanc 2025 | Domaine de Chambleau","og_description":"Rebsorte Gutedel Jahrgang 2025 Terroir Lehmb\u00f6den des Seeufers Weinbereitung Der Gutedel reift bis zur Abf\u00fcllung auf der Feinhefe, was dem Wein Komplexit\u00e4t verleiht. Verkostungsnotizen Aromen von Feuerstein, Zitrone, Limette und Zitrusfr\u00fcchten steigen in die Nase. Am Gaumen ist er frisch und fruchtig. Feine Kohlens\u00e4urebl\u00e4schen sprudeln auf der Zunge und bringen Frische und Typizit\u00e4t in diesen Herrn unserer Terroirs. Essen und Wein Dieser k\u00f6stliche Weisswein ist ideal als Aperitif und passt hervorragend zu Fisch- und K\u00e4segerichten. Reifepotenzial 2 Jahre, um vom Besten aus seiner Frucht und Frische zu profitieren. Besonderheiten Der Basiswein f\u00fcr den Kenner!","og_url":"https:\/\/chambleau.ch\/de\/wein\/chambleau-blanc\/","og_site_name":"Domaine de Chambleau","article_publisher":"https:\/\/www.facebook.com\/chambleau\/","article_modified_time":"2026-03-30T12:57:10+00:00","og_image":[{"width":1000,"height":1500,"url":"https:\/\/chambleau.ch\/wp-content\/uploads\/2020\/03\/Chasselas_75cl_Fond_blanc_juin_2023_Sans_colerette_Fond_Transparent_LD.png","type":"image\/png"}],"twitter_card":"summary_large_image","twitter_misc":{"Gesch\u00e4tzte Lesezeit":"1\u00a0Minute"},"schema":{"@context":"https:\/\/schema.org","@graph":[{"@type":"WebPage","@id":"https:\/\/chambleau.ch\/de\/wein\/chambleau-blanc\/","url":"https:\/\/chambleau.ch\/de\/wein\/chambleau-blanc\/","name":"Chambleau Blanc 2025 | Domaine de Chambleau","isPartOf":{"@id":"https:\/\/chambleau.ch\/de\/#website"},"primaryImageOfPage":{"@id":"https:\/\/chambleau.ch\/de\/wein\/chambleau-blanc\/#primaryimage"},"image":{"@id":"https:\/\/chambleau.ch\/de\/wein\/chambleau-blanc\/#primaryimage"},"thumbnailUrl":"https:\/\/chambleau.ch\/wp-content\/uploads\/2020\/03\/Chasselas_75cl_Fond_blanc_juin_2023_Sans_colerette_Fond_Transparent_LD.png","datePublished":"2020-03-03T11:33:55+00:00","dateModified":"2026-03-30T12:57:10+00:00","breadcrumb":{"@id":"https:\/\/chambleau.ch\/de\/wein\/chambleau-blanc\/#breadcrumb"},"inLanguage":"de","potentialAction":[{"@type":"ReadAction","target":["https:\/\/chambleau.ch\/de\/wein\/chambleau-blanc\/"]}]},{"@type":"ImageObject","inLanguage":"de","@id":"https:\/\/chambleau.ch\/de\/wein\/chambleau-blanc\/#primaryimage","url":"https:\/\/chambleau.ch\/wp-content\/uploads\/2020\/03\/Chasselas_75cl_Fond_blanc_juin_2023_Sans_colerette_Fond_Transparent_LD.png","contentUrl":"https:\/\/chambleau.ch\/wp-content\/uploads\/2020\/03\/Chasselas_75cl_Fond_blanc_juin_2023_Sans_colerette_Fond_Transparent_LD.png","width":1000,"height":1500},{"@type":"BreadcrumbList","@id":"https:\/\/chambleau.ch\/de\/wein\/chambleau-blanc\/#breadcrumb","itemListElement":[{"@type":"ListItem","position":1,"name":"Accueil","item":"https:\/\/chambleau.ch\/de\/"},{"@type":"ListItem","position":2,"name":"Chambleau Blanc 2025"}]},{"@type":"WebSite","@id":"https:\/\/chambleau.ch\/de\/#website","url":"https:\/\/chambleau.ch\/de\/","name":"Domaine de Chambleau","description":"","potentialAction":[{"@type":"SearchAction","target":{"@type":"EntryPoint","urlTemplate":"https:\/\/chambleau.ch\/de\/?s={search_term_string}"},"query-input":{"@type":"PropertyValueSpecification","valueRequired":true,"valueName":"search_term_string"}}],"inLanguage":"de"}]}},"jetpack_sharing_enabled":true,"_links":{"self":[{"href":"https:\/\/chambleau.ch\/de\/wp-json\/wp\/v2\/product\/644","targetHints":{"allow":["GET"]}}],"collection":[{"href":"https:\/\/chambleau.ch\/de\/wp-json\/wp\/v2\/product"}],"about":[{"href":"https:\/\/chambleau.ch\/de\/wp-json\/wp\/v2\/types\/product"}],"wp:featuredmedia":[{"embeddable":true,"href":"https:\/\/chambleau.ch\/de\/wp-json\/wp\/v2\/media\/3665"}],"wp:attachment":[{"href":"https:\/\/chambleau.ch\/de\/wp-json\/wp\/v2\/media?parent=644"}],"wp:term":[{"taxonomy":"product_brand","embeddable":true,"href":"https:\/\/chambleau.ch\/de\/wp-json\/wp\/v2\/product_brand?post=644"},{"taxonomy":"product_cat","embeddable":true,"href":"https:\/\/chambleau.ch\/de\/wp-json\/wp\/v2\/product_cat?post=644"},{"taxonomy":"product_tag","embeddable":true,"href":"https:\/\/chambleau.ch\/de\/wp-json\/wp\/v2\/product_tag?post=644"}],"curies":[{"name":"wp","href":"https:\/\/api.w.org\/{rel}","templated":true}]}}