{"id":645,"date":"2020-03-03T12:35:14","date_gmt":"2020-03-03T11:35:14","guid":{"rendered":"https:\/\/pi99hcbstus.preview.infomaniak.website\/vins\/645\/"},"modified":"2024-11-14T11:40:57","modified_gmt":"2024-11-14T10:40:57","slug":"blanche-loye","status":"publish","type":"product","link":"https:\/\/chambleau.ch\/de\/wein\/blanche-loye\/","title":{"rendered":"Blanche Loye 2023"},"content":{"rendered":"<h4>Rebsorte und Jahrgang<\/h4>\n<p>Gutedel 2023<\/p>\n<h4>Bezeichnung<\/h4>\n<p>Neuch\u00e2tel AOC<\/p>\n<h4>Weinbereitung<\/h4>\n<p>Dieser Chasselas, \u00ab\u00e0 l&#8217;ancienne\u00bb in Eichenf\u00e4ssern auf der Feinhefe vinifiziert, l\u00e4sst eine Tradition von lagerf\u00e4higen Weissweinen wieder aufleben. Der Trub wird regelm\u00e4ssig aufger\u00fchrt und verschmilzt mit dem Wein, was diesem Rundheit und F\u00fclle verleiht. Vor dem 18. Jahrhundert wurde der Begriff \u00abBlanche Loye\u00bb zur Bezeichnung der Neuenburger Weissweine verwendet.<\/p>\n<h4>Verkostungsnotizen<\/h4>\n<p>Mineralisch im Auftakt, entwickelt er Noten von Haselnuss, Lindenbl\u00fcten und Butter. Am Gaumen ist er reichhaltig und endet mit einer erfrischend s\u00e4uerlichen Note.<\/p>\n<p><strong>75cl Flasche<\/strong><\/p>\n<p>(CHF 3,06\/dl), enth\u00e4lt Sulfite<\/p>\n","protected":false},"excerpt":{"rendered":"<h4>Rebsorte<\/h4>\n<p>Gutedel<\/p>\n<h4>Jahrgang<\/h4>\n<p>2023<\/p>\n<h4>Terroir<\/h4>\n<p>Lehmb\u00f6den des Seeufers<\/p>\n<h4>Weinbereitung<\/h4>\n<p>Dieser Chasselas, \u00ab\u00e0 l&#8217;ancienne\u00bb in Eichenf\u00e4ssern auf der Feinhefe vinifiziert, l\u00e4sst eine Tradition von lagerf\u00e4higen Weissweinen wieder aufleben. Der Trub wird regelm\u00e4ssig aufger\u00fchrt und verschmilzt mit dem Wein, was diesem Rundheit und F\u00fclle verleiht. Vor dem 18. Jahrhundert wurde der Begriff \u00abBlanche Loye\u00bb zur Bezeichnung der Neuenburger Weissweine verwendet.<\/p>\n<h4>Verkostungsnotizen<\/h4>\n<p>Mineralisch im Auftakt, entwickelt er Noten von Haselnuss, Lindenbl\u00fcten und Butter. Am Gaumen ist er reichhaltig und endet mit einer erfrischend s\u00e4uerlichen Note.<\/p>\n<h4>Essen und Wein<\/h4>\n<p>Kann allein oder mit einem gereiften, rezenten K\u00e4se genossen werden.<\/p>\n<h4>Reifepotenzial<\/h4>\n<p>Ein Wein zum Lagern. Mit seiner guten S\u00e4urestruktur, wird er Sie 5 Jahre lang erfreuen. Lassen Sie ihn reifen und er wird Sie \u00fcberraschen.<\/p>\n<h4>Besonderheiten<\/h4>\n<p>Eine Reise durch die Zeit!<\/p>\n","protected":false},"featured_media":3674,"template":"","meta":{"_acf_changed":false},"product_brand":[],"product_cat":[15],"product_tag":[],"class_list":{"0":"post-645","1":"product","2":"type-product","3":"status-publish","4":"has-post-thumbnail","6":"product_cat-uncategorized","7":"product_shipping_class-bouteilles-de-vin","9":"first","10":"outofstock","11":"taxable","12":"shipping-taxable","13":"purchasable","14":"product-type-simple"},"acf":[],"yoast_head":"<!-- This site is optimized with the Yoast SEO plugin v27.3 - https:\/\/yoast.com\/product\/yoast-seo-wordpress\/ -->\n<title>Blanche Loye 2023 | Domaine de Chambleau<\/title>\n<meta name=\"robots\" content=\"index, follow, max-snippet:-1, max-image-preview:large, max-video-preview:-1\" \/>\n<link rel=\"canonical\" href=\"https:\/\/chambleau.ch\/de\/wein\/blanche-loye\/\" \/>\n<meta property=\"og:locale\" content=\"de_DE\" \/>\n<meta property=\"og:type\" content=\"article\" \/>\n<meta property=\"og:title\" content=\"Blanche Loye 2023 | Domaine de Chambleau\" \/>\n<meta property=\"og:description\" content=\"Rebsorte Gutedel Jahrgang 2023 Terroir Lehmb\u00f6den des Seeufers Weinbereitung Dieser Chasselas, \u00ab\u00e0 l&#039;ancienne\u00bb in Eichenf\u00e4ssern auf der Feinhefe vinifiziert, l\u00e4sst eine Tradition von lagerf\u00e4higen Weissweinen wieder aufleben. Der Trub wird regelm\u00e4ssig aufger\u00fchrt und verschmilzt mit dem Wein, was diesem Rundheit und F\u00fclle verleiht. Vor dem 18. Jahrhundert wurde der Begriff \u00abBlanche Loye\u00bb zur Bezeichnung der Neuenburger Weissweine verwendet. Verkostungsnotizen Mineralisch im Auftakt, entwickelt er Noten von Haselnuss, Lindenbl\u00fcten und Butter. Am Gaumen ist er reichhaltig und endet mit einer erfrischend s\u00e4uerlichen Note. Essen und Wein Kann allein oder mit einem gereiften, rezenten K\u00e4se genossen werden. Reifepotenzial Ein Wein zum Lagern. Mit seiner guten S\u00e4urestruktur, wird er Sie 5 Jahre lang erfreuen. Lassen Sie ihn reifen und er wird Sie \u00fcberraschen. Besonderheiten Eine Reise durch die Zeit!\" \/>\n<meta property=\"og:url\" content=\"https:\/\/chambleau.ch\/de\/wein\/blanche-loye\/\" \/>\n<meta property=\"og:site_name\" content=\"Domaine de Chambleau\" \/>\n<meta property=\"article:publisher\" content=\"https:\/\/www.facebook.com\/chambleau\/\" \/>\n<meta property=\"article:modified_time\" content=\"2024-11-14T10:40:57+00:00\" \/>\n<meta property=\"og:image\" content=\"https:\/\/chambleau.ch\/wp-content\/uploads\/2020\/03\/Blanche_Loye_75cl_Sans_Colerette_Fond_Transparent_LD.png\" \/>\n\t<meta property=\"og:image:width\" content=\"1000\" \/>\n\t<meta property=\"og:image:height\" content=\"1500\" \/>\n\t<meta property=\"og:image:type\" content=\"image\/png\" \/>\n<meta name=\"twitter:card\" content=\"summary_large_image\" \/>\n<meta name=\"twitter:label1\" content=\"Gesch\u00e4tzte Lesezeit\" \/>\n\t<meta name=\"twitter:data1\" content=\"1\u00a0Minute\" \/>\n<script type=\"application\/ld+json\" class=\"yoast-schema-graph\">{\"@context\":\"https:\\\/\\\/schema.org\",\"@graph\":[{\"@type\":\"WebPage\",\"@id\":\"https:\\\/\\\/chambleau.ch\\\/de\\\/wein\\\/blanche-loye\\\/\",\"url\":\"https:\\\/\\\/chambleau.ch\\\/de\\\/wein\\\/blanche-loye\\\/\",\"name\":\"Blanche Loye 2023 | Domaine de Chambleau\",\"isPartOf\":{\"@id\":\"https:\\\/\\\/chambleau.ch\\\/de\\\/#website\"},\"primaryImageOfPage\":{\"@id\":\"https:\\\/\\\/chambleau.ch\\\/de\\\/wein\\\/blanche-loye\\\/#primaryimage\"},\"image\":{\"@id\":\"https:\\\/\\\/chambleau.ch\\\/de\\\/wein\\\/blanche-loye\\\/#primaryimage\"},\"thumbnailUrl\":\"https:\\\/\\\/chambleau.ch\\\/wp-content\\\/uploads\\\/2020\\\/03\\\/Blanche_Loye_75cl_Sans_Colerette_Fond_Transparent_LD.png\",\"datePublished\":\"2020-03-03T11:35:14+00:00\",\"dateModified\":\"2024-11-14T10:40:57+00:00\",\"breadcrumb\":{\"@id\":\"https:\\\/\\\/chambleau.ch\\\/de\\\/wein\\\/blanche-loye\\\/#breadcrumb\"},\"inLanguage\":\"de\",\"potentialAction\":[{\"@type\":\"ReadAction\",\"target\":[\"https:\\\/\\\/chambleau.ch\\\/de\\\/wein\\\/blanche-loye\\\/\"]}]},{\"@type\":\"ImageObject\",\"inLanguage\":\"de\",\"@id\":\"https:\\\/\\\/chambleau.ch\\\/de\\\/wein\\\/blanche-loye\\\/#primaryimage\",\"url\":\"https:\\\/\\\/chambleau.ch\\\/wp-content\\\/uploads\\\/2020\\\/03\\\/Blanche_Loye_75cl_Sans_Colerette_Fond_Transparent_LD.png\",\"contentUrl\":\"https:\\\/\\\/chambleau.ch\\\/wp-content\\\/uploads\\\/2020\\\/03\\\/Blanche_Loye_75cl_Sans_Colerette_Fond_Transparent_LD.png\",\"width\":1000,\"height\":1500},{\"@type\":\"BreadcrumbList\",\"@id\":\"https:\\\/\\\/chambleau.ch\\\/de\\\/wein\\\/blanche-loye\\\/#breadcrumb\",\"itemListElement\":[{\"@type\":\"ListItem\",\"position\":1,\"name\":\"Accueil\",\"item\":\"https:\\\/\\\/chambleau.ch\\\/de\\\/\"},{\"@type\":\"ListItem\",\"position\":2,\"name\":\"Blanche Loye 2023\"}]},{\"@type\":\"WebSite\",\"@id\":\"https:\\\/\\\/chambleau.ch\\\/de\\\/#website\",\"url\":\"https:\\\/\\\/chambleau.ch\\\/de\\\/\",\"name\":\"Domaine de Chambleau\",\"description\":\"\",\"potentialAction\":[{\"@type\":\"SearchAction\",\"target\":{\"@type\":\"EntryPoint\",\"urlTemplate\":\"https:\\\/\\\/chambleau.ch\\\/de\\\/?s={search_term_string}\"},\"query-input\":{\"@type\":\"PropertyValueSpecification\",\"valueRequired\":true,\"valueName\":\"search_term_string\"}}],\"inLanguage\":\"de\"}]}<\/script>\n<!-- \/ Yoast SEO plugin. -->","yoast_head_json":{"title":"Blanche Loye 2023 | Domaine de Chambleau","robots":{"index":"index","follow":"follow","max-snippet":"max-snippet:-1","max-image-preview":"max-image-preview:large","max-video-preview":"max-video-preview:-1"},"canonical":"https:\/\/chambleau.ch\/de\/wein\/blanche-loye\/","og_locale":"de_DE","og_type":"article","og_title":"Blanche Loye 2023 | Domaine de Chambleau","og_description":"Rebsorte Gutedel Jahrgang 2023 Terroir Lehmb\u00f6den des Seeufers Weinbereitung Dieser Chasselas, \u00ab\u00e0 l'ancienne\u00bb in Eichenf\u00e4ssern auf der Feinhefe vinifiziert, l\u00e4sst eine Tradition von lagerf\u00e4higen Weissweinen wieder aufleben. Der Trub wird regelm\u00e4ssig aufger\u00fchrt und verschmilzt mit dem Wein, was diesem Rundheit und F\u00fclle verleiht. Vor dem 18. Jahrhundert wurde der Begriff \u00abBlanche Loye\u00bb zur Bezeichnung der Neuenburger Weissweine verwendet. Verkostungsnotizen Mineralisch im Auftakt, entwickelt er Noten von Haselnuss, Lindenbl\u00fcten und Butter. Am Gaumen ist er reichhaltig und endet mit einer erfrischend s\u00e4uerlichen Note. Essen und Wein Kann allein oder mit einem gereiften, rezenten K\u00e4se genossen werden. Reifepotenzial Ein Wein zum Lagern. Mit seiner guten S\u00e4urestruktur, wird er Sie 5 Jahre lang erfreuen. Lassen Sie ihn reifen und er wird Sie \u00fcberraschen. Besonderheiten Eine Reise durch die Zeit!","og_url":"https:\/\/chambleau.ch\/de\/wein\/blanche-loye\/","og_site_name":"Domaine de Chambleau","article_publisher":"https:\/\/www.facebook.com\/chambleau\/","article_modified_time":"2024-11-14T10:40:57+00:00","og_image":[{"width":1000,"height":1500,"url":"https:\/\/chambleau.ch\/wp-content\/uploads\/2020\/03\/Blanche_Loye_75cl_Sans_Colerette_Fond_Transparent_LD.png","type":"image\/png"}],"twitter_card":"summary_large_image","twitter_misc":{"Gesch\u00e4tzte Lesezeit":"1\u00a0Minute"},"schema":{"@context":"https:\/\/schema.org","@graph":[{"@type":"WebPage","@id":"https:\/\/chambleau.ch\/de\/wein\/blanche-loye\/","url":"https:\/\/chambleau.ch\/de\/wein\/blanche-loye\/","name":"Blanche Loye 2023 | Domaine de Chambleau","isPartOf":{"@id":"https:\/\/chambleau.ch\/de\/#website"},"primaryImageOfPage":{"@id":"https:\/\/chambleau.ch\/de\/wein\/blanche-loye\/#primaryimage"},"image":{"@id":"https:\/\/chambleau.ch\/de\/wein\/blanche-loye\/#primaryimage"},"thumbnailUrl":"https:\/\/chambleau.ch\/wp-content\/uploads\/2020\/03\/Blanche_Loye_75cl_Sans_Colerette_Fond_Transparent_LD.png","datePublished":"2020-03-03T11:35:14+00:00","dateModified":"2024-11-14T10:40:57+00:00","breadcrumb":{"@id":"https:\/\/chambleau.ch\/de\/wein\/blanche-loye\/#breadcrumb"},"inLanguage":"de","potentialAction":[{"@type":"ReadAction","target":["https:\/\/chambleau.ch\/de\/wein\/blanche-loye\/"]}]},{"@type":"ImageObject","inLanguage":"de","@id":"https:\/\/chambleau.ch\/de\/wein\/blanche-loye\/#primaryimage","url":"https:\/\/chambleau.ch\/wp-content\/uploads\/2020\/03\/Blanche_Loye_75cl_Sans_Colerette_Fond_Transparent_LD.png","contentUrl":"https:\/\/chambleau.ch\/wp-content\/uploads\/2020\/03\/Blanche_Loye_75cl_Sans_Colerette_Fond_Transparent_LD.png","width":1000,"height":1500},{"@type":"BreadcrumbList","@id":"https:\/\/chambleau.ch\/de\/wein\/blanche-loye\/#breadcrumb","itemListElement":[{"@type":"ListItem","position":1,"name":"Accueil","item":"https:\/\/chambleau.ch\/de\/"},{"@type":"ListItem","position":2,"name":"Blanche Loye 2023"}]},{"@type":"WebSite","@id":"https:\/\/chambleau.ch\/de\/#website","url":"https:\/\/chambleau.ch\/de\/","name":"Domaine de Chambleau","description":"","potentialAction":[{"@type":"SearchAction","target":{"@type":"EntryPoint","urlTemplate":"https:\/\/chambleau.ch\/de\/?s={search_term_string}"},"query-input":{"@type":"PropertyValueSpecification","valueRequired":true,"valueName":"search_term_string"}}],"inLanguage":"de"}]}},"jetpack_sharing_enabled":true,"_links":{"self":[{"href":"https:\/\/chambleau.ch\/de\/wp-json\/wp\/v2\/product\/645","targetHints":{"allow":["GET"]}}],"collection":[{"href":"https:\/\/chambleau.ch\/de\/wp-json\/wp\/v2\/product"}],"about":[{"href":"https:\/\/chambleau.ch\/de\/wp-json\/wp\/v2\/types\/product"}],"wp:featuredmedia":[{"embeddable":true,"href":"https:\/\/chambleau.ch\/de\/wp-json\/wp\/v2\/media\/3674"}],"wp:attachment":[{"href":"https:\/\/chambleau.ch\/de\/wp-json\/wp\/v2\/media?parent=645"}],"wp:term":[{"taxonomy":"product_brand","embeddable":true,"href":"https:\/\/chambleau.ch\/de\/wp-json\/wp\/v2\/product_brand?post=645"},{"taxonomy":"product_cat","embeddable":true,"href":"https:\/\/chambleau.ch\/de\/wp-json\/wp\/v2\/product_cat?post=645"},{"taxonomy":"product_tag","embeddable":true,"href":"https:\/\/chambleau.ch\/de\/wp-json\/wp\/v2\/product_tag?post=645"}],"curies":[{"name":"wp","href":"https:\/\/api.w.org\/{rel}","templated":true}]}}