{"id":646,"date":"2020-03-03T12:36:15","date_gmt":"2020-03-03T11:36:15","guid":{"rendered":"https:\/\/pi99hcbstus.preview.infomaniak.website\/vins\/chardonnay\/"},"modified":"2025-10-14T08:50:48","modified_gmt":"2025-10-14T06:50:48","slug":"chardonnay","status":"publish","type":"product","link":"https:\/\/chambleau.ch\/de\/wein\/chardonnay\/","title":{"rendered":"Chardonnay 2024"},"content":{"rendered":"<h4>Rebsorte und Jahrgang<\/h4>\n<p>Chardonnay 2024<\/p>\n<h4>Bezeichnung<\/h4>\n<p>Neuch\u00e2tel AOC<\/p>\n<h4>Weinbereitung<\/h4>\n<p>Zw\u00f6lf Monate in Eichenf\u00e4ssern gereift.<\/p>\n<h4>Verkostungsnotizen<\/h4>\n<p>Typische und kr\u00e4ftige Aromen von Aprikose, Marzipan, Toast und Haselnuss steigen in die Nase. Am Gaumen ist er voll, reichhaltig und mineralisch. Sein Abgang ist lang und rassig.<\/p>\n<h4>75cl Flasche<\/h4>\n<p>(CHF 4,13\/dl), enth\u00e4lt Sulfite<\/p>\n","protected":false},"excerpt":{"rendered":"<h4>Rebsorte<\/h4>\n<p>Chardonnay<\/p>\n<h4>Jahrgang<\/h4>\n<p>2024<\/p>\n<h4>Terroir<\/h4>\n<p>Eine Cuv\u00e9e aus drei Parzellen: Le Loclat, La Saunerie und Les Dortines.<\/p>\n<h4>Weinbereitung<\/h4>\n<p>Zw\u00f6lf Monate in Eichenf\u00e4ssern gereift.<\/p>\n<h4>Verkostungsnotizen<\/h4>\n<p>Typische und kr\u00e4ftige Aromen von Aprikose, Marzipan, Toast und Haselnuss steigen in die Nase. Am Gaumen ist er voll, reichhaltig und mineralisch. Sein Abgang ist lang und rassig.<\/p>\n<h4>Essen und Wein<\/h4>\n<p>Ist als Aperitif, zu Fisch oder K\u00e4se ein Genuss.<\/p>\n<h4>Reifepotenzial<\/h4>\n<p>2 bis 8 Jahre. Er entwickelt seine sch\u00f6nsten Aromen und erreicht seine F\u00fclle nach zwei Jahren in der Flasche.<\/p>\n<h4>Besonderheiten<\/h4>\n<p>Der emblematische Weisswein von Chambleau!<\/p>\n","protected":false},"featured_media":3502,"template":"","meta":{"_acf_changed":false},"product_brand":[],"product_cat":[15],"product_tag":[],"class_list":{"0":"post-646","1":"product","2":"type-product","3":"status-publish","4":"has-post-thumbnail","6":"product_cat-uncategorized","7":"product_shipping_class-bouteilles-de-vin","9":"first","10":"instock","11":"taxable","12":"shipping-taxable","13":"purchasable","14":"product-type-simple"},"acf":[],"yoast_head":"<!-- This site is optimized with the Yoast SEO plugin v27.4 - https:\/\/yoast.com\/product\/yoast-seo-wordpress\/ -->\n<title>Chardonnay 2024 | Domaine de Chambleau<\/title>\n<meta name=\"robots\" content=\"index, follow, max-snippet:-1, max-image-preview:large, max-video-preview:-1\" \/>\n<link rel=\"canonical\" href=\"https:\/\/chambleau.ch\/de\/wein\/chardonnay\/\" \/>\n<meta property=\"og:locale\" content=\"de_DE\" \/>\n<meta property=\"og:type\" content=\"article\" \/>\n<meta property=\"og:title\" content=\"Chardonnay 2024 | Domaine de Chambleau\" \/>\n<meta property=\"og:description\" content=\"Rebsorte Chardonnay Jahrgang 2024 Terroir Eine Cuv\u00e9e aus drei Parzellen: Le Loclat, La Saunerie und Les Dortines. Weinbereitung Zw\u00f6lf Monate in Eichenf\u00e4ssern gereift. Verkostungsnotizen Typische und kr\u00e4ftige Aromen von Aprikose, Marzipan, Toast und Haselnuss steigen in die Nase. Am Gaumen ist er voll, reichhaltig und mineralisch. Sein Abgang ist lang und rassig. Essen und Wein Ist als Aperitif, zu Fisch oder K\u00e4se ein Genuss. Reifepotenzial 2 bis 8 Jahre. Er entwickelt seine sch\u00f6nsten Aromen und erreicht seine F\u00fclle nach zwei Jahren in der Flasche. Besonderheiten Der emblematische Weisswein von Chambleau!\" \/>\n<meta property=\"og:url\" content=\"https:\/\/chambleau.ch\/de\/wein\/chardonnay\/\" \/>\n<meta property=\"og:site_name\" content=\"Domaine de Chambleau\" \/>\n<meta property=\"article:publisher\" content=\"https:\/\/www.facebook.com\/chambleau\/\" \/>\n<meta property=\"article:modified_time\" content=\"2025-10-14T06:50:48+00:00\" \/>\n<meta property=\"og:image\" content=\"https:\/\/chambleau.ch\/wp-content\/uploads\/2020\/03\/9588_CHA_EtiquetteChardonnay_BouteilleNonFiltre-scaled-scaled.jpg\" \/>\n\t<meta property=\"og:image:width\" content=\"1366\" \/>\n\t<meta property=\"og:image:height\" content=\"2048\" \/>\n\t<meta property=\"og:image:type\" content=\"image\/jpeg\" \/>\n<meta name=\"twitter:card\" content=\"summary_large_image\" \/>\n<meta name=\"twitter:label1\" content=\"Gesch\u00e4tzte Lesezeit\" \/>\n\t<meta name=\"twitter:data1\" content=\"1\u00a0Minute\" \/>\n<script type=\"application\/ld+json\" class=\"yoast-schema-graph\">{\"@context\":\"https:\\\/\\\/schema.org\",\"@graph\":[{\"@type\":\"WebPage\",\"@id\":\"https:\\\/\\\/chambleau.ch\\\/de\\\/wein\\\/chardonnay\\\/\",\"url\":\"https:\\\/\\\/chambleau.ch\\\/de\\\/wein\\\/chardonnay\\\/\",\"name\":\"Chardonnay 2024 | Domaine de Chambleau\",\"isPartOf\":{\"@id\":\"https:\\\/\\\/chambleau.ch\\\/de\\\/#website\"},\"primaryImageOfPage\":{\"@id\":\"https:\\\/\\\/chambleau.ch\\\/de\\\/wein\\\/chardonnay\\\/#primaryimage\"},\"image\":{\"@id\":\"https:\\\/\\\/chambleau.ch\\\/de\\\/wein\\\/chardonnay\\\/#primaryimage\"},\"thumbnailUrl\":\"https:\\\/\\\/chambleau.ch\\\/wp-content\\\/uploads\\\/2020\\\/03\\\/9588_CHA_EtiquetteChardonnay_BouteilleNonFiltre-scaled-scaled.jpg\",\"datePublished\":\"2020-03-03T11:36:15+00:00\",\"dateModified\":\"2025-10-14T06:50:48+00:00\",\"breadcrumb\":{\"@id\":\"https:\\\/\\\/chambleau.ch\\\/de\\\/wein\\\/chardonnay\\\/#breadcrumb\"},\"inLanguage\":\"de\",\"potentialAction\":[{\"@type\":\"ReadAction\",\"target\":[\"https:\\\/\\\/chambleau.ch\\\/de\\\/wein\\\/chardonnay\\\/\"]}]},{\"@type\":\"ImageObject\",\"inLanguage\":\"de\",\"@id\":\"https:\\\/\\\/chambleau.ch\\\/de\\\/wein\\\/chardonnay\\\/#primaryimage\",\"url\":\"https:\\\/\\\/chambleau.ch\\\/wp-content\\\/uploads\\\/2020\\\/03\\\/9588_CHA_EtiquetteChardonnay_BouteilleNonFiltre-scaled-scaled.jpg\",\"contentUrl\":\"https:\\\/\\\/chambleau.ch\\\/wp-content\\\/uploads\\\/2020\\\/03\\\/9588_CHA_EtiquetteChardonnay_BouteilleNonFiltre-scaled-scaled.jpg\",\"width\":1366,\"height\":2048},{\"@type\":\"BreadcrumbList\",\"@id\":\"https:\\\/\\\/chambleau.ch\\\/de\\\/wein\\\/chardonnay\\\/#breadcrumb\",\"itemListElement\":[{\"@type\":\"ListItem\",\"position\":1,\"name\":\"Accueil\",\"item\":\"https:\\\/\\\/chambleau.ch\\\/de\\\/\"},{\"@type\":\"ListItem\",\"position\":2,\"name\":\"Chardonnay 2024\"}]},{\"@type\":\"WebSite\",\"@id\":\"https:\\\/\\\/chambleau.ch\\\/de\\\/#website\",\"url\":\"https:\\\/\\\/chambleau.ch\\\/de\\\/\",\"name\":\"Domaine de Chambleau\",\"description\":\"\",\"potentialAction\":[{\"@type\":\"SearchAction\",\"target\":{\"@type\":\"EntryPoint\",\"urlTemplate\":\"https:\\\/\\\/chambleau.ch\\\/de\\\/?s={search_term_string}\"},\"query-input\":{\"@type\":\"PropertyValueSpecification\",\"valueRequired\":true,\"valueName\":\"search_term_string\"}}],\"inLanguage\":\"de\"}]}<\/script>\n<!-- \/ Yoast SEO plugin. -->","yoast_head_json":{"title":"Chardonnay 2024 | Domaine de Chambleau","robots":{"index":"index","follow":"follow","max-snippet":"max-snippet:-1","max-image-preview":"max-image-preview:large","max-video-preview":"max-video-preview:-1"},"canonical":"https:\/\/chambleau.ch\/de\/wein\/chardonnay\/","og_locale":"de_DE","og_type":"article","og_title":"Chardonnay 2024 | Domaine de Chambleau","og_description":"Rebsorte Chardonnay Jahrgang 2024 Terroir Eine Cuv\u00e9e aus drei Parzellen: Le Loclat, La Saunerie und Les Dortines. Weinbereitung Zw\u00f6lf Monate in Eichenf\u00e4ssern gereift. Verkostungsnotizen Typische und kr\u00e4ftige Aromen von Aprikose, Marzipan, Toast und Haselnuss steigen in die Nase. Am Gaumen ist er voll, reichhaltig und mineralisch. Sein Abgang ist lang und rassig. Essen und Wein Ist als Aperitif, zu Fisch oder K\u00e4se ein Genuss. Reifepotenzial 2 bis 8 Jahre. Er entwickelt seine sch\u00f6nsten Aromen und erreicht seine F\u00fclle nach zwei Jahren in der Flasche. Besonderheiten Der emblematische Weisswein von Chambleau!","og_url":"https:\/\/chambleau.ch\/de\/wein\/chardonnay\/","og_site_name":"Domaine de Chambleau","article_publisher":"https:\/\/www.facebook.com\/chambleau\/","article_modified_time":"2025-10-14T06:50:48+00:00","og_image":[{"width":1366,"height":2048,"url":"https:\/\/chambleau.ch\/wp-content\/uploads\/2020\/03\/9588_CHA_EtiquetteChardonnay_BouteilleNonFiltre-scaled-scaled.jpg","type":"image\/jpeg"}],"twitter_card":"summary_large_image","twitter_misc":{"Gesch\u00e4tzte Lesezeit":"1\u00a0Minute"},"schema":{"@context":"https:\/\/schema.org","@graph":[{"@type":"WebPage","@id":"https:\/\/chambleau.ch\/de\/wein\/chardonnay\/","url":"https:\/\/chambleau.ch\/de\/wein\/chardonnay\/","name":"Chardonnay 2024 | Domaine de Chambleau","isPartOf":{"@id":"https:\/\/chambleau.ch\/de\/#website"},"primaryImageOfPage":{"@id":"https:\/\/chambleau.ch\/de\/wein\/chardonnay\/#primaryimage"},"image":{"@id":"https:\/\/chambleau.ch\/de\/wein\/chardonnay\/#primaryimage"},"thumbnailUrl":"https:\/\/chambleau.ch\/wp-content\/uploads\/2020\/03\/9588_CHA_EtiquetteChardonnay_BouteilleNonFiltre-scaled-scaled.jpg","datePublished":"2020-03-03T11:36:15+00:00","dateModified":"2025-10-14T06:50:48+00:00","breadcrumb":{"@id":"https:\/\/chambleau.ch\/de\/wein\/chardonnay\/#breadcrumb"},"inLanguage":"de","potentialAction":[{"@type":"ReadAction","target":["https:\/\/chambleau.ch\/de\/wein\/chardonnay\/"]}]},{"@type":"ImageObject","inLanguage":"de","@id":"https:\/\/chambleau.ch\/de\/wein\/chardonnay\/#primaryimage","url":"https:\/\/chambleau.ch\/wp-content\/uploads\/2020\/03\/9588_CHA_EtiquetteChardonnay_BouteilleNonFiltre-scaled-scaled.jpg","contentUrl":"https:\/\/chambleau.ch\/wp-content\/uploads\/2020\/03\/9588_CHA_EtiquetteChardonnay_BouteilleNonFiltre-scaled-scaled.jpg","width":1366,"height":2048},{"@type":"BreadcrumbList","@id":"https:\/\/chambleau.ch\/de\/wein\/chardonnay\/#breadcrumb","itemListElement":[{"@type":"ListItem","position":1,"name":"Accueil","item":"https:\/\/chambleau.ch\/de\/"},{"@type":"ListItem","position":2,"name":"Chardonnay 2024"}]},{"@type":"WebSite","@id":"https:\/\/chambleau.ch\/de\/#website","url":"https:\/\/chambleau.ch\/de\/","name":"Domaine de Chambleau","description":"","potentialAction":[{"@type":"SearchAction","target":{"@type":"EntryPoint","urlTemplate":"https:\/\/chambleau.ch\/de\/?s={search_term_string}"},"query-input":{"@type":"PropertyValueSpecification","valueRequired":true,"valueName":"search_term_string"}}],"inLanguage":"de"}]}},"jetpack_sharing_enabled":true,"_links":{"self":[{"href":"https:\/\/chambleau.ch\/de\/wp-json\/wp\/v2\/product\/646","targetHints":{"allow":["GET"]}}],"collection":[{"href":"https:\/\/chambleau.ch\/de\/wp-json\/wp\/v2\/product"}],"about":[{"href":"https:\/\/chambleau.ch\/de\/wp-json\/wp\/v2\/types\/product"}],"wp:featuredmedia":[{"embeddable":true,"href":"https:\/\/chambleau.ch\/de\/wp-json\/wp\/v2\/media\/3502"}],"wp:attachment":[{"href":"https:\/\/chambleau.ch\/de\/wp-json\/wp\/v2\/media?parent=646"}],"wp:term":[{"taxonomy":"product_brand","embeddable":true,"href":"https:\/\/chambleau.ch\/de\/wp-json\/wp\/v2\/product_brand?post=646"},{"taxonomy":"product_cat","embeddable":true,"href":"https:\/\/chambleau.ch\/de\/wp-json\/wp\/v2\/product_cat?post=646"},{"taxonomy":"product_tag","embeddable":true,"href":"https:\/\/chambleau.ch\/de\/wp-json\/wp\/v2\/product_tag?post=646"}],"curies":[{"name":"wp","href":"https:\/\/api.w.org\/{rel}","templated":true}]}}