{"id":656,"date":"2020-04-29T17:41:27","date_gmt":"2020-04-29T15:41:27","guid":{"rendered":"https:\/\/pi99hcbstus.preview.infomaniak.website\/vins\/100-gutschein100-gutschein\/"},"modified":"2020-06-05T11:27:48","modified_gmt":"2020-06-05T09:27:48","slug":"100-gutschein100-gutschein","status":"publish","type":"product","link":"https:\/\/chambleau.ch\/de\/wein\/100-gutschein100-gutschein\/","title":{"rendered":"100.- Geschenkgutschein"},"content":{"rendered":"<p>Geschenkgutschein, um Ihre Lieben zu \u00fcberraschen und sie das Weingut und unsere Weine entdecken zu lassen!<\/p>\n<p>Z\u00f6gern Sie nicht, uns zu kontaktieren, um einen Geschenkgutschein in der von Ihnen gew\u00fcnschten H\u00f6he zu bestellen.<\/p>\n","protected":false},"excerpt":{"rendered":"<p>Geschenkgutschein, um Ihre Lieben zu \u00fcberraschen und sie das Weingut und unsere Weine entdecken zu lassen! Z\u00f6gern Sie nicht, uns zu kontaktieren, um einen Geschenkgutschein in der von Ihnen gew\u00fcnschten H\u00f6he zu bestellen.<\/p>\n","protected":false},"featured_media":4836,"template":"","meta":{"_acf_changed":false},"product_brand":[],"product_cat":[],"product_tag":[],"class_list":{"0":"post-656","1":"product","2":"type-product","3":"status-publish","4":"has-post-thumbnail","7":"first","8":"instock","9":"taxable","10":"shipping-taxable","11":"purchasable","12":"product-type-simple"},"acf":[],"yoast_head":"<!-- This site is optimized with the Yoast SEO plugin v27.5 - https:\/\/yoast.com\/product\/yoast-seo-wordpress\/ -->\n<title>100.- Geschenkgutschein | Domaine de Chambleau<\/title>\n<meta name=\"robots\" content=\"index, follow, max-snippet:-1, max-image-preview:large, max-video-preview:-1\" \/>\n<link rel=\"canonical\" href=\"https:\/\/chambleau.ch\/de\/wein\/100-gutschein100-gutschein\/\" \/>\n<meta property=\"og:locale\" content=\"de_DE\" \/>\n<meta property=\"og:type\" content=\"article\" \/>\n<meta property=\"og:title\" content=\"100.- Geschenkgutschein | Domaine de Chambleau\" \/>\n<meta property=\"og:description\" content=\"Geschenkgutschein, um Ihre Lieben zu \u00fcberraschen und sie das Weingut und unsere Weine entdecken zu lassen! Z\u00f6gern Sie nicht, uns zu kontaktieren, um einen Geschenkgutschein in der von Ihnen gew\u00fcnschten H\u00f6he zu bestellen.\" \/>\n<meta property=\"og:url\" content=\"https:\/\/chambleau.ch\/de\/wein\/100-gutschein100-gutschein\/\" \/>\n<meta property=\"og:site_name\" content=\"Domaine de Chambleau\" \/>\n<meta property=\"article:publisher\" content=\"https:\/\/www.facebook.com\/chambleau\/\" \/>\n<meta property=\"article:modified_time\" content=\"2020-06-05T09:27:48+00:00\" \/>\n<meta property=\"og:image\" content=\"https:\/\/chambleau.ch\/wp-content\/uploads\/2020\/04\/Bon-scaled-1-scaled.jpg\" \/>\n\t<meta property=\"og:image:width\" content=\"2048\" \/>\n\t<meta property=\"og:image:height\" content=\"1365\" \/>\n\t<meta property=\"og:image:type\" content=\"image\/jpeg\" \/>\n<meta name=\"twitter:card\" content=\"summary_large_image\" \/>\n<script type=\"application\/ld+json\" class=\"yoast-schema-graph\">{\"@context\":\"https:\\\/\\\/schema.org\",\"@graph\":[{\"@type\":\"WebPage\",\"@id\":\"https:\\\/\\\/chambleau.ch\\\/de\\\/wein\\\/100-gutschein100-gutschein\\\/\",\"url\":\"https:\\\/\\\/chambleau.ch\\\/de\\\/wein\\\/100-gutschein100-gutschein\\\/\",\"name\":\"100.- Geschenkgutschein | Domaine de Chambleau\",\"isPartOf\":{\"@id\":\"https:\\\/\\\/chambleau.ch\\\/de\\\/#website\"},\"primaryImageOfPage\":{\"@id\":\"https:\\\/\\\/chambleau.ch\\\/de\\\/wein\\\/100-gutschein100-gutschein\\\/#primaryimage\"},\"image\":{\"@id\":\"https:\\\/\\\/chambleau.ch\\\/de\\\/wein\\\/100-gutschein100-gutschein\\\/#primaryimage\"},\"thumbnailUrl\":\"https:\\\/\\\/chambleau.ch\\\/wp-content\\\/uploads\\\/2020\\\/04\\\/Bon-scaled-1-scaled.jpg\",\"datePublished\":\"2020-04-29T15:41:27+00:00\",\"dateModified\":\"2020-06-05T09:27:48+00:00\",\"breadcrumb\":{\"@id\":\"https:\\\/\\\/chambleau.ch\\\/de\\\/wein\\\/100-gutschein100-gutschein\\\/#breadcrumb\"},\"inLanguage\":\"de\",\"potentialAction\":[{\"@type\":\"ReadAction\",\"target\":[\"https:\\\/\\\/chambleau.ch\\\/de\\\/wein\\\/100-gutschein100-gutschein\\\/\"]}]},{\"@type\":\"ImageObject\",\"inLanguage\":\"de\",\"@id\":\"https:\\\/\\\/chambleau.ch\\\/de\\\/wein\\\/100-gutschein100-gutschein\\\/#primaryimage\",\"url\":\"https:\\\/\\\/chambleau.ch\\\/wp-content\\\/uploads\\\/2020\\\/04\\\/Bon-scaled-1-scaled.jpg\",\"contentUrl\":\"https:\\\/\\\/chambleau.ch\\\/wp-content\\\/uploads\\\/2020\\\/04\\\/Bon-scaled-1-scaled.jpg\",\"width\":2048,\"height\":1365},{\"@type\":\"BreadcrumbList\",\"@id\":\"https:\\\/\\\/chambleau.ch\\\/de\\\/wein\\\/100-gutschein100-gutschein\\\/#breadcrumb\",\"itemListElement\":[{\"@type\":\"ListItem\",\"position\":1,\"name\":\"Accueil\",\"item\":\"https:\\\/\\\/chambleau.ch\\\/de\\\/\"},{\"@type\":\"ListItem\",\"position\":2,\"name\":\"100.- Geschenkgutschein\"}]},{\"@type\":\"WebSite\",\"@id\":\"https:\\\/\\\/chambleau.ch\\\/de\\\/#website\",\"url\":\"https:\\\/\\\/chambleau.ch\\\/de\\\/\",\"name\":\"Domaine de Chambleau\",\"description\":\"\",\"potentialAction\":[{\"@type\":\"SearchAction\",\"target\":{\"@type\":\"EntryPoint\",\"urlTemplate\":\"https:\\\/\\\/chambleau.ch\\\/de\\\/?s={search_term_string}\"},\"query-input\":{\"@type\":\"PropertyValueSpecification\",\"valueRequired\":true,\"valueName\":\"search_term_string\"}}],\"inLanguage\":\"de\"}]}<\/script>\n<!-- \/ Yoast SEO plugin. -->","yoast_head_json":{"title":"100.- Geschenkgutschein | Domaine de Chambleau","robots":{"index":"index","follow":"follow","max-snippet":"max-snippet:-1","max-image-preview":"max-image-preview:large","max-video-preview":"max-video-preview:-1"},"canonical":"https:\/\/chambleau.ch\/de\/wein\/100-gutschein100-gutschein\/","og_locale":"de_DE","og_type":"article","og_title":"100.- Geschenkgutschein | Domaine de Chambleau","og_description":"Geschenkgutschein, um Ihre Lieben zu \u00fcberraschen und sie das Weingut und unsere Weine entdecken zu lassen! Z\u00f6gern Sie nicht, uns zu kontaktieren, um einen Geschenkgutschein in der von Ihnen gew\u00fcnschten H\u00f6he zu bestellen.","og_url":"https:\/\/chambleau.ch\/de\/wein\/100-gutschein100-gutschein\/","og_site_name":"Domaine de Chambleau","article_publisher":"https:\/\/www.facebook.com\/chambleau\/","article_modified_time":"2020-06-05T09:27:48+00:00","og_image":[{"width":2048,"height":1365,"url":"https:\/\/chambleau.ch\/wp-content\/uploads\/2020\/04\/Bon-scaled-1-scaled.jpg","type":"image\/jpeg"}],"twitter_card":"summary_large_image","schema":{"@context":"https:\/\/schema.org","@graph":[{"@type":"WebPage","@id":"https:\/\/chambleau.ch\/de\/wein\/100-gutschein100-gutschein\/","url":"https:\/\/chambleau.ch\/de\/wein\/100-gutschein100-gutschein\/","name":"100.- Geschenkgutschein | Domaine de Chambleau","isPartOf":{"@id":"https:\/\/chambleau.ch\/de\/#website"},"primaryImageOfPage":{"@id":"https:\/\/chambleau.ch\/de\/wein\/100-gutschein100-gutschein\/#primaryimage"},"image":{"@id":"https:\/\/chambleau.ch\/de\/wein\/100-gutschein100-gutschein\/#primaryimage"},"thumbnailUrl":"https:\/\/chambleau.ch\/wp-content\/uploads\/2020\/04\/Bon-scaled-1-scaled.jpg","datePublished":"2020-04-29T15:41:27+00:00","dateModified":"2020-06-05T09:27:48+00:00","breadcrumb":{"@id":"https:\/\/chambleau.ch\/de\/wein\/100-gutschein100-gutschein\/#breadcrumb"},"inLanguage":"de","potentialAction":[{"@type":"ReadAction","target":["https:\/\/chambleau.ch\/de\/wein\/100-gutschein100-gutschein\/"]}]},{"@type":"ImageObject","inLanguage":"de","@id":"https:\/\/chambleau.ch\/de\/wein\/100-gutschein100-gutschein\/#primaryimage","url":"https:\/\/chambleau.ch\/wp-content\/uploads\/2020\/04\/Bon-scaled-1-scaled.jpg","contentUrl":"https:\/\/chambleau.ch\/wp-content\/uploads\/2020\/04\/Bon-scaled-1-scaled.jpg","width":2048,"height":1365},{"@type":"BreadcrumbList","@id":"https:\/\/chambleau.ch\/de\/wein\/100-gutschein100-gutschein\/#breadcrumb","itemListElement":[{"@type":"ListItem","position":1,"name":"Accueil","item":"https:\/\/chambleau.ch\/de\/"},{"@type":"ListItem","position":2,"name":"100.- Geschenkgutschein"}]},{"@type":"WebSite","@id":"https:\/\/chambleau.ch\/de\/#website","url":"https:\/\/chambleau.ch\/de\/","name":"Domaine de Chambleau","description":"","potentialAction":[{"@type":"SearchAction","target":{"@type":"EntryPoint","urlTemplate":"https:\/\/chambleau.ch\/de\/?s={search_term_string}"},"query-input":{"@type":"PropertyValueSpecification","valueRequired":true,"valueName":"search_term_string"}}],"inLanguage":"de"}]}},"jetpack_sharing_enabled":true,"_links":{"self":[{"href":"https:\/\/chambleau.ch\/de\/wp-json\/wp\/v2\/product\/656","targetHints":{"allow":["GET"]}}],"collection":[{"href":"https:\/\/chambleau.ch\/de\/wp-json\/wp\/v2\/product"}],"about":[{"href":"https:\/\/chambleau.ch\/de\/wp-json\/wp\/v2\/types\/product"}],"wp:featuredmedia":[{"embeddable":true,"href":"https:\/\/chambleau.ch\/de\/wp-json\/wp\/v2\/media\/4836"}],"wp:attachment":[{"href":"https:\/\/chambleau.ch\/de\/wp-json\/wp\/v2\/media?parent=656"}],"wp:term":[{"taxonomy":"product_brand","embeddable":true,"href":"https:\/\/chambleau.ch\/de\/wp-json\/wp\/v2\/product_brand?post=656"},{"taxonomy":"product_cat","embeddable":true,"href":"https:\/\/chambleau.ch\/de\/wp-json\/wp\/v2\/product_cat?post=656"},{"taxonomy":"product_tag","embeddable":true,"href":"https:\/\/chambleau.ch\/de\/wp-json\/wp\/v2\/product_tag?post=656"}],"curies":[{"name":"wp","href":"https:\/\/api.w.org\/{rel}","templated":true}]}}